{"id":1413,"date":"2021-12-07T13:26:53","date_gmt":"2021-12-07T18:26:53","guid":{"rendered":"https:\/\/fincadelasuerte.com\/actividades"},"modified":"2021-12-07T14:28:11","modified_gmt":"2021-12-07T19:28:11","slug":"actividades","status":"publish","type":"page","link":"https:\/\/fincadelasuerte.com\/es\/actividades","title":{"rendered":"Actividades"},"content":{"rendered":"\t\t<div data-elementor-type=\"wp-page\" data-elementor-id=\"1413\" class=\"elementor elementor-1413 elementor-1406\">\n\t\t\t\t\t\t<section class=\"elementor-section elementor-top-section elementor-element elementor-element-795e68c elementor-section-boxed elementor-section-height-default elementor-section-height-default\" data-id=\"795e68c\" data-element_type=\"section\" data-e-type=\"section\">\n\t\t\t\t\t\t<div class=\"elementor-container elementor-column-gap-default\">\n\t\t\t\t\t<div class=\"elementor-column elementor-col-100 elementor-top-column elementor-element elementor-element-e2a378d\" data-id=\"e2a378d\" data-element_type=\"column\" data-e-type=\"column\">\n\t\t\t<div class=\"elementor-widget-wrap elementor-element-populated\">\n\t\t\t\t\t\t<div class=\"elementor-element elementor-element-alpenhouse-activities elementor-widget elementor-widget-activities\" data-id=\"alpenhouse-activities\" data-element_type=\"widget\" data-e-type=\"widget\" data-widget_type=\"activities.default\">\n\t\t\t\t<div class=\"elementor-widget-container\">\n\t\t\t\t\t<div class=\"activities-shortcode-wrapper list\">\t\t<div class=\"activities-wrapper columns-1\">\r\n\t\t<article id=\"post-1244\" class=\"post-1244 cptp-activity type-cptp-activity status-publish has-post-thumbnail hentry\">\r\n\r\n    <a class=\"post-thumbnail\" href=\"https:\/\/fincadelasuerte.com\/es\/actividad\/boca-chica\" aria-hidden=\"true\">\r\n        <img fetchpriority=\"high\" decoding=\"async\" width=\"768\" height=\"480\" src=\"https:\/\/fincadelasuerte.com\/wp-content\/uploads\/boca-chica-768x480.jpg\" class=\"attachment-alpenhouse-post-thumbnail-cropped size-alpenhouse-post-thumbnail-cropped wp-post-image\" alt=\"Boca Chica\" \/>        <div class=\"thumbnail-overlay\"><\/div>\r\n    <\/a>\r\n    <div class=\"activity-summary\">\r\n        <header class=\"entry-header\">\r\n            <h2 class=\"entry-title\"><a href=\"https:\/\/fincadelasuerte.com\/es\/actividad\/boca-chica\" rel=\"bookmark\">Boca Chica<\/a><\/h2>        <\/header><!-- .entry-header -->\r\n        <div class=\"entry-content\">\r\n        <p>A s\u00f3lo unos 45 minutos en coche (o en autob\u00fas) de Las Lajas, se abre otro para\u00edso en medio de bah\u00edas solitarias, islas con playas de arena blanca, manglares y aberturas en el oc\u00e9ano. Boca Chica es una de las regiones m\u00e1s soleadas de Panam\u00e1 y est\u00e1 bien desarrollada para el turismo.<\/p>\n<p> <a href=\"https:\/\/fincadelasuerte.com\/es\/actividad\/boca-chica#more-1244\" class=\"more-link\">Leer m\u00e1s <span class=\"screen-reader-text\"> &#8220;Boca Chica&#8221;<\/span><\/a><\/p>\n    <\/div><!-- .entry-content -->\r\n    <\/div>\r\n<\/article><!-- #post-1244 --><article id=\"post-1242\" class=\"post-1242 cptp-activity type-cptp-activity status-publish has-post-thumbnail hentry\">\r\n\r\n    <a class=\"post-thumbnail\" href=\"https:\/\/fincadelasuerte.com\/es\/actividad\/boquete\" aria-hidden=\"true\">\r\n        <img decoding=\"async\" width=\"768\" height=\"480\" src=\"https:\/\/fincadelasuerte.com\/wp-content\/uploads\/boquete-768x480.jpg\" class=\"attachment-alpenhouse-post-thumbnail-cropped size-alpenhouse-post-thumbnail-cropped wp-post-image\" alt=\"Boquete\" \/>        <div class=\"thumbnail-overlay\"><\/div>\r\n    <\/a>\r\n    <div class=\"activity-summary\">\r\n        <header class=\"entry-header\">\r\n            <h2 class=\"entry-title\"><a href=\"https:\/\/fincadelasuerte.com\/es\/actividad\/boquete\" rel=\"bookmark\">Boquete<\/a><\/h2>        <\/header><!-- .entry-header -->\r\n        <div class=\"entry-content\">\r\n        <p>\u00bfSon aventureros, conocedores y exploradores? Boquete es incre\u00edblemente animado, colorido, cubierto de plantas y tiene muchos restaurantes exquisitos. \u00a1La verdadera Pura Vida te espera!<\/p>\n<p> <a href=\"https:\/\/fincadelasuerte.com\/es\/actividad\/boquete#more-1242\" class=\"more-link\">Leer m\u00e1s <span class=\"screen-reader-text\"> &#8220;Boquete&#8221;<\/span><\/a><\/p>\n    <\/div><!-- .entry-content -->\r\n    <\/div>\r\n<\/article><!-- #post-1242 --><article id=\"post-1241\" class=\"post-1241 cptp-activity type-cptp-activity status-publish has-post-thumbnail hentry\">\r\n\r\n    <a class=\"post-thumbnail\" href=\"https:\/\/fincadelasuerte.com\/es\/actividad\/petroglifos-en-el-nancito\" aria-hidden=\"true\">\r\n        <img decoding=\"async\" width=\"768\" height=\"480\" src=\"https:\/\/fincadelasuerte.com\/wp-content\/uploads\/petroglyphs-768x480.jpg\" class=\"attachment-alpenhouse-post-thumbnail-cropped size-alpenhouse-post-thumbnail-cropped wp-post-image\" alt=\"Petroglifos en El Nancito\" \/>        <div class=\"thumbnail-overlay\"><\/div>\r\n    <\/a>\r\n    <div class=\"activity-summary\">\r\n        <header class=\"entry-header\">\r\n            <h2 class=\"entry-title\"><a href=\"https:\/\/fincadelasuerte.com\/es\/actividad\/petroglifos-en-el-nancito\" rel=\"bookmark\">Petroglifos en El Nancito<\/a><\/h2>        <\/header><!-- .entry-header -->\r\n        <div class=\"entry-content\">\r\n        <p>El peque\u00f1o y original pueblo brilla con un sitio fascinante en el que se pueden descubrir antiguos petroglifos en enormes formaciones rocosas y vistas impresionantes de las monta\u00f1as y el mar.<\/p>\n<p> <a href=\"https:\/\/fincadelasuerte.com\/es\/actividad\/petroglifos-en-el-nancito#more-1241\" class=\"more-link\">Leer m\u00e1s <span class=\"screen-reader-text\"> &#8220;Petroglifos en El Nancito&#8221;<\/span><\/a><\/p>\n    <\/div><!-- .entry-content -->\r\n    <\/div>\r\n<\/article><!-- #post-1241 --><article id=\"post-1240\" class=\"post-1240 cptp-activity type-cptp-activity status-publish has-post-thumbnail hentry\">\r\n\r\n    <a class=\"post-thumbnail\" href=\"https:\/\/fincadelasuerte.com\/es\/actividad\/las-lajas-y-alrededores\" aria-hidden=\"true\">\r\n        <img loading=\"lazy\" decoding=\"async\" width=\"768\" height=\"480\" src=\"https:\/\/fincadelasuerte.com\/wp-content\/uploads\/las-lajas-768x480.jpg\" class=\"attachment-alpenhouse-post-thumbnail-cropped size-alpenhouse-post-thumbnail-cropped wp-post-image\" alt=\"Las Lajas y alrededores\" \/>        <div class=\"thumbnail-overlay\"><\/div>\r\n    <\/a>\r\n    <div class=\"activity-summary\">\r\n        <header class=\"entry-header\">\r\n            <h2 class=\"entry-title\"><a href=\"https:\/\/fincadelasuerte.com\/es\/actividad\/las-lajas-y-alrededores\" rel=\"bookmark\">Las Lajas y alrededores<\/a><\/h2>        <\/header><!-- .entry-header -->\r\n        <div class=\"entry-content\">\r\n        <p>Las Lajas, el pueblo cercano a la playa, ofrece 328 d\u00edas de sol y temperaturas constantes de 28-33 grados. Le invitamos a relajarse o a disfrutar de todo tipo de actividades. Las Lajas tiene una ubicaci\u00f3n ideal en la Interamericana y en s\u00f3lo 5 minutos ya est\u00e1s en una de las playas m\u00e1s largas de Centroam\u00e9rica.<\/p>\n<p> <a href=\"https:\/\/fincadelasuerte.com\/es\/actividad\/las-lajas-y-alrededores#more-1240\" class=\"more-link\">Leer m\u00e1s <span class=\"screen-reader-text\"> &#8220;Las Lajas y alrededores&#8221;<\/span><\/a><\/p>\n    <\/div><!-- .entry-content -->\r\n    <\/div>\r\n<\/article><!-- #post-1240 --><article id=\"post-1238\" class=\"post-1238 cptp-activity type-cptp-activity status-publish has-post-thumbnail hentry\">\r\n\r\n    <a class=\"post-thumbnail\" href=\"https:\/\/fincadelasuerte.com\/es\/actividad\/david\" aria-hidden=\"true\">\r\n        <img loading=\"lazy\" decoding=\"async\" width=\"768\" height=\"480\" src=\"https:\/\/fincadelasuerte.com\/wp-content\/uploads\/david-768x480.jpg\" class=\"attachment-alpenhouse-post-thumbnail-cropped size-alpenhouse-post-thumbnail-cropped wp-post-image\" alt=\"David\" \/>        <div class=\"thumbnail-overlay\"><\/div>\r\n    <\/a>\r\n    <div class=\"activity-summary\">\r\n        <header class=\"entry-header\">\r\n            <h2 class=\"entry-title\"><a href=\"https:\/\/fincadelasuerte.com\/es\/actividad\/david\" rel=\"bookmark\">David<\/a><\/h2>        <\/header><!-- .entry-header -->\r\n        <div class=\"entry-content\">\r\n        <p>En nuestra regi\u00f3n Chiriqu\u00ed se puede encontrar casi de todo. Panam\u00e1 est\u00e1 muy bien conectada con la importaci\u00f3n a trav\u00e9s del Canal de Panam\u00e1, por lo que hay muchas posibilidades de compra en la tercera ciudad m\u00e1s grande del pa\u00eds. Los centros comerciales y los restaurantes internacionales, as\u00ed como los hospitales privados, est\u00e1n a menos de una hora en coche de las Lajas. La Interamericana recorre tan c\u00f3modamente todo Panam\u00e1 que es imposible perderse.<\/p>\n<p> <a href=\"https:\/\/fincadelasuerte.com\/es\/actividad\/david#more-1238\" class=\"more-link\">Leer m\u00e1s <span class=\"screen-reader-text\"> &#8220;David&#8221;<\/span><\/a><\/p>\n    <\/div><!-- .entry-content -->\r\n    <\/div>\r\n<\/article><!-- #post-1238 -->\t\t<\/div>\r\n\t\t <\/div>\t\t\t\t<\/div>\n\t\t\t\t<\/div>\n\t\t\t\t\t<\/div>\n\t\t<\/div>\n\t\t\t\t\t<\/div>\n\t\t<\/section>\n\t\t\t\t<\/div>\n\t\t","protected":false},"excerpt":{"rendered":"","protected":false},"author":1,"featured_media":0,"parent":0,"menu_order":0,"comment_status":"closed","ping_status":"closed","template":"template-no-sidebar.php","meta":{"footnotes":""},"class_list":["post-1413","page","type-page","status-publish","hentry"],"yoast_head":"<!-- This site is optimized with the Yoast SEO plugin v27.3 - https:\/\/yoast.com\/product\/yoast-seo-wordpress\/ -->\n<title>Actividades &#187; Hotel Finca de la Suerte<\/title>\n<meta name=\"robots\" content=\"index, follow, max-snippet:-1, max-image-preview:large, max-video-preview:-1\" \/>\n<link rel=\"canonical\" href=\"https:\/\/fincadelasuerte.com\/es\/actividades\" \/>\n<meta property=\"og:locale\" content=\"es_ES\" \/>\n<meta property=\"og:type\" content=\"article\" \/>\n<meta property=\"og:title\" content=\"Actividades &#187; Hotel Finca de la Suerte\" \/>\n<meta property=\"og:url\" content=\"https:\/\/fincadelasuerte.com\/es\/actividades\" \/>\n<meta property=\"og:site_name\" content=\"Hotel Finca de la Suerte\" \/>\n<meta property=\"article:modified_time\" content=\"2021-12-07T19:28:11+00:00\" \/>\n<meta name=\"twitter:card\" content=\"summary_large_image\" \/>\n<script type=\"application\/ld+json\" class=\"yoast-schema-graph\">{\"@context\":\"https:\\\/\\\/schema.org\",\"@graph\":[{\"@type\":\"WebPage\",\"@id\":\"https:\\\/\\\/fincadelasuerte.com\\\/es\\\/actividades\",\"url\":\"https:\\\/\\\/fincadelasuerte.com\\\/es\\\/actividades\",\"name\":\"Actividades &#187; Hotel Finca de la Suerte\",\"isPartOf\":{\"@id\":\"https:\\\/\\\/fincadelasuerte.com\\\/es#website\"},\"datePublished\":\"2021-12-07T18:26:53+00:00\",\"dateModified\":\"2021-12-07T19:28:11+00:00\",\"breadcrumb\":{\"@id\":\"https:\\\/\\\/fincadelasuerte.com\\\/es\\\/actividades#breadcrumb\"},\"inLanguage\":\"es\",\"potentialAction\":[{\"@type\":\"ReadAction\",\"target\":[\"https:\\\/\\\/fincadelasuerte.com\\\/es\\\/actividades\"]}]},{\"@type\":\"BreadcrumbList\",\"@id\":\"https:\\\/\\\/fincadelasuerte.com\\\/es\\\/actividades#breadcrumb\",\"itemListElement\":[{\"@type\":\"ListItem\",\"position\":1,\"name\":\"Startseite\",\"item\":\"https:\\\/\\\/fincadelasuerte.com\\\/es\"},{\"@type\":\"ListItem\",\"position\":2,\"name\":\"Actividades\"}]},{\"@type\":\"WebSite\",\"@id\":\"https:\\\/\\\/fincadelasuerte.com\\\/es#website\",\"url\":\"https:\\\/\\\/fincadelasuerte.com\\\/es\",\"name\":\"Hotel Finca de la Suerte\",\"description\":\"Las Lajas, Chiriqu\u00ed, Panam\u00e1\",\"publisher\":{\"@id\":\"https:\\\/\\\/fincadelasuerte.com\\\/es#organization\"},\"potentialAction\":[{\"@type\":\"SearchAction\",\"target\":{\"@type\":\"EntryPoint\",\"urlTemplate\":\"https:\\\/\\\/fincadelasuerte.com\\\/es?s={search_term_string}\"},\"query-input\":{\"@type\":\"PropertyValueSpecification\",\"valueRequired\":true,\"valueName\":\"search_term_string\"}}],\"inLanguage\":\"es\"},{\"@type\":\"Organization\",\"@id\":\"https:\\\/\\\/fincadelasuerte.com\\\/es#organization\",\"name\":\"Hotel Finca de la Suerte\",\"url\":\"https:\\\/\\\/fincadelasuerte.com\\\/es\",\"logo\":{\"@type\":\"ImageObject\",\"inLanguage\":\"es\",\"@id\":\"https:\\\/\\\/fincadelasuerte.com\\\/es#\\\/schema\\\/logo\\\/image\\\/\",\"url\":\"https:\\\/\\\/fincadelasuerte.com\\\/wp-content\\\/uploads\\\/cropped-favicon.png\",\"contentUrl\":\"https:\\\/\\\/fincadelasuerte.com\\\/wp-content\\\/uploads\\\/cropped-favicon.png\",\"width\":512,\"height\":512,\"caption\":\"Hotel Finca de la Suerte\"},\"image\":{\"@id\":\"https:\\\/\\\/fincadelasuerte.com\\\/es#\\\/schema\\\/logo\\\/image\\\/\"}}]}<\/script>\n<!-- \/ Yoast SEO plugin. -->","yoast_head_json":{"title":"Actividades &#187; Hotel Finca de la Suerte","robots":{"index":"index","follow":"follow","max-snippet":"max-snippet:-1","max-image-preview":"max-image-preview:large","max-video-preview":"max-video-preview:-1"},"canonical":"https:\/\/fincadelasuerte.com\/es\/actividades","og_locale":"es_ES","og_type":"article","og_title":"Actividades &#187; Hotel Finca de la Suerte","og_url":"https:\/\/fincadelasuerte.com\/es\/actividades","og_site_name":"Hotel Finca de la Suerte","article_modified_time":"2021-12-07T19:28:11+00:00","twitter_card":"summary_large_image","schema":{"@context":"https:\/\/schema.org","@graph":[{"@type":"WebPage","@id":"https:\/\/fincadelasuerte.com\/es\/actividades","url":"https:\/\/fincadelasuerte.com\/es\/actividades","name":"Actividades &#187; Hotel Finca de la Suerte","isPartOf":{"@id":"https:\/\/fincadelasuerte.com\/es#website"},"datePublished":"2021-12-07T18:26:53+00:00","dateModified":"2021-12-07T19:28:11+00:00","breadcrumb":{"@id":"https:\/\/fincadelasuerte.com\/es\/actividades#breadcrumb"},"inLanguage":"es","potentialAction":[{"@type":"ReadAction","target":["https:\/\/fincadelasuerte.com\/es\/actividades"]}]},{"@type":"BreadcrumbList","@id":"https:\/\/fincadelasuerte.com\/es\/actividades#breadcrumb","itemListElement":[{"@type":"ListItem","position":1,"name":"Startseite","item":"https:\/\/fincadelasuerte.com\/es"},{"@type":"ListItem","position":2,"name":"Actividades"}]},{"@type":"WebSite","@id":"https:\/\/fincadelasuerte.com\/es#website","url":"https:\/\/fincadelasuerte.com\/es","name":"Hotel Finca de la Suerte","description":"Las Lajas, Chiriqu\u00ed, Panam\u00e1","publisher":{"@id":"https:\/\/fincadelasuerte.com\/es#organization"},"potentialAction":[{"@type":"SearchAction","target":{"@type":"EntryPoint","urlTemplate":"https:\/\/fincadelasuerte.com\/es?s={search_term_string}"},"query-input":{"@type":"PropertyValueSpecification","valueRequired":true,"valueName":"search_term_string"}}],"inLanguage":"es"},{"@type":"Organization","@id":"https:\/\/fincadelasuerte.com\/es#organization","name":"Hotel Finca de la Suerte","url":"https:\/\/fincadelasuerte.com\/es","logo":{"@type":"ImageObject","inLanguage":"es","@id":"https:\/\/fincadelasuerte.com\/es#\/schema\/logo\/image\/","url":"https:\/\/fincadelasuerte.com\/wp-content\/uploads\/cropped-favicon.png","contentUrl":"https:\/\/fincadelasuerte.com\/wp-content\/uploads\/cropped-favicon.png","width":512,"height":512,"caption":"Hotel Finca de la Suerte"},"image":{"@id":"https:\/\/fincadelasuerte.com\/es#\/schema\/logo\/image\/"}}]}},"_links":{"self":[{"href":"https:\/\/fincadelasuerte.com\/es\/wp-json\/wp\/v2\/pages\/1413","targetHints":{"allow":["GET"]}}],"collection":[{"href":"https:\/\/fincadelasuerte.com\/es\/wp-json\/wp\/v2\/pages"}],"about":[{"href":"https:\/\/fincadelasuerte.com\/es\/wp-json\/wp\/v2\/types\/page"}],"author":[{"embeddable":true,"href":"https:\/\/fincadelasuerte.com\/es\/wp-json\/wp\/v2\/users\/1"}],"replies":[{"embeddable":true,"href":"https:\/\/fincadelasuerte.com\/es\/wp-json\/wp\/v2\/comments?post=1413"}],"version-history":[{"count":2,"href":"https:\/\/fincadelasuerte.com\/es\/wp-json\/wp\/v2\/pages\/1413\/revisions"}],"predecessor-version":[{"id":1445,"href":"https:\/\/fincadelasuerte.com\/es\/wp-json\/wp\/v2\/pages\/1413\/revisions\/1445"}],"wp:attachment":[{"href":"https:\/\/fincadelasuerte.com\/es\/wp-json\/wp\/v2\/media?parent=1413"}],"curies":[{"name":"wp","href":"https:\/\/api.w.org\/{rel}","templated":true}]}}