{"id":1291,"date":"2021-12-07T10:04:13","date_gmt":"2021-12-07T15:04:13","guid":{"rendered":"https:\/\/fincadelasuerte.com\/hotel"},"modified":"2021-12-07T10:04:14","modified_gmt":"2021-12-07T15:04:14","slug":"hotel","status":"publish","type":"page","link":"https:\/\/fincadelasuerte.com\/es\/hotel","title":{"rendered":"Hotel"},"content":{"rendered":"<h3>\u00a1Bienvenido al lado soleado de la vida!<\/h3>\n<h2>\u00a1Bienvenido a &#8220;Las Lajas&#8221; en nuestra Finca de la Suerte!<\/h2>\n<p>Cuando se viaja a Panam\u00e1, se espera comida deliciosa, relajaci\u00f3n, experiencias, grandes contactos con gente cari\u00f1osa y vida pura &#8211; \u00a1la Pura Vida!<\/p>\n<p>Esto es exactamente lo que puede esperar durante su escala o estancia m\u00e1s larga en nuestra Finca de la Suerte.<\/p>\n<p>En una de las regiones m\u00e1s verdes de Panam\u00e1, en Chiriqu\u00ed, en medio del Oc\u00e9ano Pac\u00edfico y de la playa de arena m\u00e1s larga de Centroam\u00e9rica, en el id\u00edlico pueblo &#8220;Las Lajas&#8221; te alojar\u00e1s con Andrea y Detlef en un ambiente familiar y de mascotas. La finca est\u00e1 bajo gesti\u00f3n alemana y le ofrece un est\u00e1ndar absolutamente limpio y confortable. Con nosotros puede dejar que su alma cuelgue y se involucre completamente con el pa\u00eds y su originalidad.<\/p>\n<h3><img fetchpriority=\"high\" decoding=\"async\" class=\"alignright size-medium wp-image-1000\" src=\"https:\/\/fincadelasuerte.com\/wp-content\/uploads\/apartment-pool-garden-view-300x169.jpg\" alt=\"Apartamento con vistas a la piscina y al jard\u00edn\" width=\"300\" height=\"169\" srcset=\"https:\/\/fincadelasuerte.com\/wp-content\/uploads\/apartment-pool-garden-view-300x169.jpg 300w, https:\/\/fincadelasuerte.com\/wp-content\/uploads\/apartment-pool-garden-view-768x432.jpg 768w, https:\/\/fincadelasuerte.com\/wp-content\/uploads\/apartment-pool-garden-view-405x228.jpg 405w, https:\/\/fincadelasuerte.com\/wp-content\/uploads\/apartment-pool-garden-view.jpg 1000w\" sizes=\"(max-width: 300px) 100vw, 300px\" \/>Aqu\u00ed los sue\u00f1os de las vacaciones se hacen realidad.<\/h3>\n<p>En 2018, la emigraci\u00f3n al para\u00edso comenz\u00f3 para nosotros y r\u00e1pidamente supimos que tambi\u00e9n queremos traer a otros viajeros y vacacionistas este lugar especial en el sol. En s\u00f3lo un a\u00f1o construimos nuestra &#8220;Finca de la Suerte&#8221;, donde los verdaderos sue\u00f1os vacacionales se hacen realidad. Un hermoso jard\u00edn con elegantes casas\/apartamentos de invitados y una enorme piscina no dejan nada que desear.<\/p>\n<p>De camino a los principales destinos tur\u00edsticos de Panam\u00e1, como Boca Chica, Boquete y Bocas del Toro, merece la pena hacer una parada en la playa m\u00e1s bonita y larga del pa\u00eds e incluso de Centroam\u00e9rica.<\/p>\n<p>Los 14 km de costa invitan a los paseos solitarios, ya que esta punta interior de Panam\u00e1 a veces sigue estando desierta. El escaso oleaje, el c\u00f3modo fondo marino de arena, la c\u00e1lida corriente de las aguas costeras y el suave descenso en el agua hacen de Las Lajas un gran lugar de vacaciones. A lo largo de la playa hay algunos hoteles, bungalows y peque\u00f1os restaurantes privados con buena comida.<\/p>\n<p>El clima es perfecto casi todo el a\u00f1o para tomar el sol o admirar la biodiversidad de la naturaleza y la avifauna, mientras que un fresco ba\u00f1o en el Pac\u00edfico ofrece la mejor relajaci\u00f3n.<\/p>\n<p>\u00a1Ya estamos esperando su visita!<\/p>\n<h2><img decoding=\"async\" class=\"alignright size-medium wp-image-1021\" src=\"https:\/\/fincadelasuerte.com\/wp-content\/uploads\/apartment-living-room-300x169.jpg\" alt=\"Sal\u00f3n de un apartamento\" width=\"300\" height=\"169\" srcset=\"https:\/\/fincadelasuerte.com\/wp-content\/uploads\/apartment-living-room-300x169.jpg 300w, https:\/\/fincadelasuerte.com\/wp-content\/uploads\/apartment-living-room-768x432.jpg 768w, https:\/\/fincadelasuerte.com\/wp-content\/uploads\/apartment-living-room-405x228.jpg 405w, https:\/\/fincadelasuerte.com\/wp-content\/uploads\/apartment-living-room.jpg 1000w\" sizes=\"(max-width: 300px) 100vw, 300px\" \/>Nuestras habitaciones dobles y apartamentos<\/h2>\n<p>En nuestro cuidado oasis verde, en cuyo centro hay una gran piscina de uso hol\u00edstico, hay 4 habitaciones modernamente amuebladas y espaciosas, cada una con su propia terraza y una cocina c\u00f3modamente equipada que incluye cafetera y fogones.<\/p>\n<p>Bajo el lema Terra (Dos apartamentos con dormitorio independiente para 4 personas) y Mar (Dos amplias habitaciones dobles para 2 personas cada una) las parejas, las familias con ni\u00f1os y tambi\u00e9n los peque\u00f1os amigos de cuatro patas encontrar\u00e1n un lugar c\u00f3modo para dormir y alojarse. Los hermosos murales del interior y del exterior reflejan completamente el ambiente y la impresionante naturaleza de Panam\u00e1.<\/p>\n<p>Disfrute de un d\u00eda de relax junto a la piscina y bajo el sol, mientras colibr\u00edes, tucanes, loros e iguanas le visitan regularmente. En una c\u00e1lida tarde de verano le encantar\u00e1 la hermosa puesta de sol, que le acompa\u00f1ar\u00e1 en la relajante noche durante todo el a\u00f1o.<\/p>\n<h3>Nuestros apartamentos a un precio razonable<\/h3>\n<p>Cada habitaci\u00f3n est\u00e1 equipada con una cocina, donde encontrar\u00e1 todo lo necesario para cocinar y servir. Para un extenso desayuno en su propia terraza directamente frente al apartamento y en el jard\u00edn encontrar\u00e1 varios supermercados en el pueblo a pocos metros de la finca. Tambi\u00e9n se pueden comprar aqu\u00ed los ingredientes para una deliciosa comida y cena. Las frutas frescas y los productos naturales se pueden encontrar en los puestos de fruta y verdura y, por supuesto, estaremos encantados de darle alg\u00fan que otro consejo para que pueda disfrutar de las especialidades del pa\u00eds. El pescado fresco es, por supuesto, lo m\u00e1s importante aqu\u00ed y por eso no est\u00e1 lejos el peque\u00f1o pueblo pesquero de Remedios, donde se puede comprar lo mejor del mar reci\u00e9n pescado y absolutamente barato. Y si no quiere cocinar usted mismo, puede simplemente disfrutar de los restaurantes de la ciudad.<\/p>\n<h3>WiFi<\/h3>\n<p>Todas las habitaciones y apartamentos disponen de un establo y WIFI incluido que tambi\u00e9n est\u00e1 disponible en las instalaciones del complejo.<\/p>\n<h3>Nos encantan los miembros de su familia de cuatro patas (\u00a1por favor, avise con antelaci\u00f3n!)<\/h3>\n<p>Tus compa\u00f1eros de piso peludos tambi\u00e9n tendr\u00e1n su recompensa aqu\u00ed. Los amplios terrenos y la larga playa son perfectos para pasear y siempre hay algo nuevo que descubrir. Los perros son siempre bienvenidos y pueden moverse libremente por aqu\u00ed. Puedes comprar comida para mascotas en cualquier sitio y hay espacio suficiente en la habitaci\u00f3n para que duerma tu fiel compa\u00f1ero de cuatro patas. Le rogamos que nos comunique con antelaci\u00f3n si viene con perros, ya que tambi\u00e9n queremos tener en cuenta a otros hu\u00e9spedes de las instalaciones. Gracias.<\/p>\n<h3><img decoding=\"async\" class=\"alignright size-medium wp-image-958\" src=\"https:\/\/fincadelasuerte.com\/wp-content\/uploads\/hotel-booking-300x138.jpg\" alt=\"\" width=\"300\" height=\"138\" srcset=\"https:\/\/fincadelasuerte.com\/wp-content\/uploads\/hotel-booking-300x138.jpg 300w, https:\/\/fincadelasuerte.com\/wp-content\/uploads\/hotel-booking-1024x470.jpg 1024w, https:\/\/fincadelasuerte.com\/wp-content\/uploads\/hotel-booking-768x352.jpg 768w, https:\/\/fincadelasuerte.com\/wp-content\/uploads\/hotel-booking-405x186.jpg 405w, https:\/\/fincadelasuerte.com\/wp-content\/uploads\/hotel-booking.jpg 1500w\" sizes=\"(max-width: 300px) 100vw, 300px\" \/>Nuestro oasis con piscina<\/h3>\n<p>Con una longitud de unos 12 metros, nuestra piscina es ideal para los nadadores. La profundidad es de 2 metros, por lo que siempre aconsejamos a nuestros hu\u00e9spedes que tengan cuidado con los no nadadores y los ni\u00f1os peque\u00f1os. En nuestras c\u00f3modas tumbonas podr\u00e1 relajarse maravillosamente despu\u00e9s de un d\u00eda lleno de acontecimientos.<\/p>\n<h3>Llegada y aparcamiento<\/h3>\n<p>Desde la Interamericana, tras un breve giro en la se\u00f1al &#8220;Las Lajas&#8221; y un trayecto de 10 minutos, llegar\u00e1 a nosotros muy r\u00e1pidamente. Se puede llegar c\u00f3modamente con cualquier veh\u00edculo, ya que todas las carreteras y caminos hacia nosotros est\u00e1n perfectamente desarrollados y tampoco hay que superar metros de altitud. En nuestro amplio aparcamiento puedes aparcar cualquier veh\u00edculo, desde motos, furgonetas y todoterrenos hasta caravanas, de forma s\u00faper sencilla. Por supuesto, el uso del aparcamiento est\u00e1 incluido en el precio del alojamiento durante toda la estancia.<\/p>\n<h3>Horarios de entrada y salida<\/h3>\n<p>El d\u00eda de la llegada podr\u00e1 registrarse a partir de las 12 horas como m\u00ednimo. La salida el d\u00eda de la salida es posible hasta las 10 de la ma\u00f1ana.<\/p>\n<h3>Pago<\/h3>\n<p>Por favor, tenga en cuenta que en nuestra Finca de la Suerte s\u00f3lo se puede pagar en efectivo. En el camino y en el cruce hacia Las Lajas, directamente en la Interamericana, comienza el peque\u00f1o pueblo San F\u00e9lix. All\u00ed, junto al supermercado, hay tres cajeros autom\u00e1ticos que aceptan las principales tarjetas de cr\u00e9dito.<\/p>\n","protected":false},"excerpt":{"rendered":"<p>\u00a1Bienvenido al lado soleado de la vida! \u00a1Bienvenido a &#8220;Las Lajas&#8221; en nuestra Finca de la Suerte! Cuando se viaja a Panam\u00e1, se espera comida deliciosa, relajaci\u00f3n, experiencias, grandes contactos con gente cari\u00f1osa y vida pura &#8211; \u00a1la Pura Vida! Esto es exactamente lo que puede esperar durante su escala o estancia m\u00e1s larga en [&hellip;]<\/p>\n","protected":false},"author":1,"featured_media":0,"parent":0,"menu_order":0,"comment_status":"closed","ping_status":"closed","template":"template-boxed.php","meta":{"footnotes":""},"class_list":["post-1291","page","type-page","status-publish","hentry"],"yoast_head":"<!-- This site is optimized with the Yoast SEO plugin v27.3 - https:\/\/yoast.com\/product\/yoast-seo-wordpress\/ -->\n<title>Hotel &#187; Hotel Finca de la Suerte<\/title>\n<meta name=\"robots\" content=\"index, follow, max-snippet:-1, max-image-preview:large, max-video-preview:-1\" \/>\n<link rel=\"canonical\" href=\"https:\/\/fincadelasuerte.com\/es\/hotel\" \/>\n<meta property=\"og:locale\" content=\"es_ES\" \/>\n<meta property=\"og:type\" content=\"article\" \/>\n<meta property=\"og:title\" content=\"Hotel &#187; Hotel Finca de la Suerte\" \/>\n<meta property=\"og:description\" content=\"\u00a1Bienvenido al lado soleado de la vida! \u00a1Bienvenido a &#8220;Las Lajas&#8221; en nuestra Finca de la Suerte! Cuando se viaja a Panam\u00e1, se espera comida deliciosa, relajaci\u00f3n, experiencias, grandes contactos con gente cari\u00f1osa y vida pura &#8211; \u00a1la Pura Vida! Esto es exactamente lo que puede esperar durante su escala o estancia m\u00e1s larga en [&hellip;]\" \/>\n<meta property=\"og:url\" content=\"https:\/\/fincadelasuerte.com\/es\/hotel\" \/>\n<meta property=\"og:site_name\" content=\"Hotel Finca de la Suerte\" \/>\n<meta property=\"article:modified_time\" content=\"2021-12-07T15:04:14+00:00\" \/>\n<meta property=\"og:image\" content=\"https:\/\/fincadelasuerte.com\/wp-content\/uploads\/apartment-pool-garden-view-300x169.jpg\" \/>\n<meta name=\"twitter:card\" content=\"summary_large_image\" \/>\n<meta name=\"twitter:label1\" content=\"Tiempo de lectura\" \/>\n\t<meta name=\"twitter:data1\" content=\"5 minutos\" \/>\n<script type=\"application\/ld+json\" class=\"yoast-schema-graph\">{\"@context\":\"https:\\\/\\\/schema.org\",\"@graph\":[{\"@type\":\"WebPage\",\"@id\":\"https:\\\/\\\/fincadelasuerte.com\\\/es\\\/hotel\",\"url\":\"https:\\\/\\\/fincadelasuerte.com\\\/es\\\/hotel\",\"name\":\"Hotel &#187; Hotel Finca de la Suerte\",\"isPartOf\":{\"@id\":\"https:\\\/\\\/fincadelasuerte.com\\\/es#website\"},\"primaryImageOfPage\":{\"@id\":\"https:\\\/\\\/fincadelasuerte.com\\\/es\\\/hotel#primaryimage\"},\"image\":{\"@id\":\"https:\\\/\\\/fincadelasuerte.com\\\/es\\\/hotel#primaryimage\"},\"thumbnailUrl\":\"https:\\\/\\\/fincadelasuerte.com\\\/wp-content\\\/uploads\\\/apartment-pool-garden-view-300x169.jpg\",\"datePublished\":\"2021-12-07T15:04:13+00:00\",\"dateModified\":\"2021-12-07T15:04:14+00:00\",\"breadcrumb\":{\"@id\":\"https:\\\/\\\/fincadelasuerte.com\\\/es\\\/hotel#breadcrumb\"},\"inLanguage\":\"es\",\"potentialAction\":[{\"@type\":\"ReadAction\",\"target\":[\"https:\\\/\\\/fincadelasuerte.com\\\/es\\\/hotel\"]}]},{\"@type\":\"ImageObject\",\"inLanguage\":\"es\",\"@id\":\"https:\\\/\\\/fincadelasuerte.com\\\/es\\\/hotel#primaryimage\",\"url\":\"https:\\\/\\\/fincadelasuerte.com\\\/wp-content\\\/uploads\\\/apartment-pool-garden-view-300x169.jpg\",\"contentUrl\":\"https:\\\/\\\/fincadelasuerte.com\\\/wp-content\\\/uploads\\\/apartment-pool-garden-view-300x169.jpg\"},{\"@type\":\"BreadcrumbList\",\"@id\":\"https:\\\/\\\/fincadelasuerte.com\\\/es\\\/hotel#breadcrumb\",\"itemListElement\":[{\"@type\":\"ListItem\",\"position\":1,\"name\":\"Startseite\",\"item\":\"https:\\\/\\\/fincadelasuerte.com\\\/es\"},{\"@type\":\"ListItem\",\"position\":2,\"name\":\"Hotel\"}]},{\"@type\":\"WebSite\",\"@id\":\"https:\\\/\\\/fincadelasuerte.com\\\/es#website\",\"url\":\"https:\\\/\\\/fincadelasuerte.com\\\/es\",\"name\":\"Hotel Finca de la Suerte\",\"description\":\"Las Lajas, Chiriqu\u00ed, Panam\u00e1\",\"publisher\":{\"@id\":\"https:\\\/\\\/fincadelasuerte.com\\\/es#organization\"},\"potentialAction\":[{\"@type\":\"SearchAction\",\"target\":{\"@type\":\"EntryPoint\",\"urlTemplate\":\"https:\\\/\\\/fincadelasuerte.com\\\/es?s={search_term_string}\"},\"query-input\":{\"@type\":\"PropertyValueSpecification\",\"valueRequired\":true,\"valueName\":\"search_term_string\"}}],\"inLanguage\":\"es\"},{\"@type\":\"Organization\",\"@id\":\"https:\\\/\\\/fincadelasuerte.com\\\/es#organization\",\"name\":\"Hotel Finca de la Suerte\",\"url\":\"https:\\\/\\\/fincadelasuerte.com\\\/es\",\"logo\":{\"@type\":\"ImageObject\",\"inLanguage\":\"es\",\"@id\":\"https:\\\/\\\/fincadelasuerte.com\\\/es#\\\/schema\\\/logo\\\/image\\\/\",\"url\":\"https:\\\/\\\/fincadelasuerte.com\\\/wp-content\\\/uploads\\\/cropped-favicon.png\",\"contentUrl\":\"https:\\\/\\\/fincadelasuerte.com\\\/wp-content\\\/uploads\\\/cropped-favicon.png\",\"width\":512,\"height\":512,\"caption\":\"Hotel Finca de la Suerte\"},\"image\":{\"@id\":\"https:\\\/\\\/fincadelasuerte.com\\\/es#\\\/schema\\\/logo\\\/image\\\/\"}}]}<\/script>\n<!-- \/ Yoast SEO plugin. -->","yoast_head_json":{"title":"Hotel &#187; Hotel Finca de la Suerte","robots":{"index":"index","follow":"follow","max-snippet":"max-snippet:-1","max-image-preview":"max-image-preview:large","max-video-preview":"max-video-preview:-1"},"canonical":"https:\/\/fincadelasuerte.com\/es\/hotel","og_locale":"es_ES","og_type":"article","og_title":"Hotel &#187; Hotel Finca de la Suerte","og_description":"\u00a1Bienvenido al lado soleado de la vida! \u00a1Bienvenido a &#8220;Las Lajas&#8221; en nuestra Finca de la Suerte! Cuando se viaja a Panam\u00e1, se espera comida deliciosa, relajaci\u00f3n, experiencias, grandes contactos con gente cari\u00f1osa y vida pura &#8211; \u00a1la Pura Vida! Esto es exactamente lo que puede esperar durante su escala o estancia m\u00e1s larga en [&hellip;]","og_url":"https:\/\/fincadelasuerte.com\/es\/hotel","og_site_name":"Hotel Finca de la Suerte","article_modified_time":"2021-12-07T15:04:14+00:00","og_image":[{"url":"https:\/\/fincadelasuerte.com\/wp-content\/uploads\/apartment-pool-garden-view-300x169.jpg","type":"","width":"","height":""}],"twitter_card":"summary_large_image","twitter_misc":{"Tiempo de lectura":"5 minutos"},"schema":{"@context":"https:\/\/schema.org","@graph":[{"@type":"WebPage","@id":"https:\/\/fincadelasuerte.com\/es\/hotel","url":"https:\/\/fincadelasuerte.com\/es\/hotel","name":"Hotel &#187; Hotel Finca de la Suerte","isPartOf":{"@id":"https:\/\/fincadelasuerte.com\/es#website"},"primaryImageOfPage":{"@id":"https:\/\/fincadelasuerte.com\/es\/hotel#primaryimage"},"image":{"@id":"https:\/\/fincadelasuerte.com\/es\/hotel#primaryimage"},"thumbnailUrl":"https:\/\/fincadelasuerte.com\/wp-content\/uploads\/apartment-pool-garden-view-300x169.jpg","datePublished":"2021-12-07T15:04:13+00:00","dateModified":"2021-12-07T15:04:14+00:00","breadcrumb":{"@id":"https:\/\/fincadelasuerte.com\/es\/hotel#breadcrumb"},"inLanguage":"es","potentialAction":[{"@type":"ReadAction","target":["https:\/\/fincadelasuerte.com\/es\/hotel"]}]},{"@type":"ImageObject","inLanguage":"es","@id":"https:\/\/fincadelasuerte.com\/es\/hotel#primaryimage","url":"https:\/\/fincadelasuerte.com\/wp-content\/uploads\/apartment-pool-garden-view-300x169.jpg","contentUrl":"https:\/\/fincadelasuerte.com\/wp-content\/uploads\/apartment-pool-garden-view-300x169.jpg"},{"@type":"BreadcrumbList","@id":"https:\/\/fincadelasuerte.com\/es\/hotel#breadcrumb","itemListElement":[{"@type":"ListItem","position":1,"name":"Startseite","item":"https:\/\/fincadelasuerte.com\/es"},{"@type":"ListItem","position":2,"name":"Hotel"}]},{"@type":"WebSite","@id":"https:\/\/fincadelasuerte.com\/es#website","url":"https:\/\/fincadelasuerte.com\/es","name":"Hotel Finca de la Suerte","description":"Las Lajas, Chiriqu\u00ed, Panam\u00e1","publisher":{"@id":"https:\/\/fincadelasuerte.com\/es#organization"},"potentialAction":[{"@type":"SearchAction","target":{"@type":"EntryPoint","urlTemplate":"https:\/\/fincadelasuerte.com\/es?s={search_term_string}"},"query-input":{"@type":"PropertyValueSpecification","valueRequired":true,"valueName":"search_term_string"}}],"inLanguage":"es"},{"@type":"Organization","@id":"https:\/\/fincadelasuerte.com\/es#organization","name":"Hotel Finca de la Suerte","url":"https:\/\/fincadelasuerte.com\/es","logo":{"@type":"ImageObject","inLanguage":"es","@id":"https:\/\/fincadelasuerte.com\/es#\/schema\/logo\/image\/","url":"https:\/\/fincadelasuerte.com\/wp-content\/uploads\/cropped-favicon.png","contentUrl":"https:\/\/fincadelasuerte.com\/wp-content\/uploads\/cropped-favicon.png","width":512,"height":512,"caption":"Hotel Finca de la Suerte"},"image":{"@id":"https:\/\/fincadelasuerte.com\/es#\/schema\/logo\/image\/"}}]}},"_links":{"self":[{"href":"https:\/\/fincadelasuerte.com\/es\/wp-json\/wp\/v2\/pages\/1291","targetHints":{"allow":["GET"]}}],"collection":[{"href":"https:\/\/fincadelasuerte.com\/es\/wp-json\/wp\/v2\/pages"}],"about":[{"href":"https:\/\/fincadelasuerte.com\/es\/wp-json\/wp\/v2\/types\/page"}],"author":[{"embeddable":true,"href":"https:\/\/fincadelasuerte.com\/es\/wp-json\/wp\/v2\/users\/1"}],"replies":[{"embeddable":true,"href":"https:\/\/fincadelasuerte.com\/es\/wp-json\/wp\/v2\/comments?post=1291"}],"version-history":[{"count":1,"href":"https:\/\/fincadelasuerte.com\/es\/wp-json\/wp\/v2\/pages\/1291\/revisions"}],"predecessor-version":[{"id":1292,"href":"https:\/\/fincadelasuerte.com\/es\/wp-json\/wp\/v2\/pages\/1291\/revisions\/1292"}],"wp:attachment":[{"href":"https:\/\/fincadelasuerte.com\/es\/wp-json\/wp\/v2\/media?parent=1291"}],"curies":[{"name":"wp","href":"https:\/\/api.w.org\/{rel}","templated":true}]}}