{"id":1270,"date":"2021-12-06T13:05:25","date_gmt":"2021-12-06T18:05:25","guid":{"rendered":"https:\/\/fincadelasuerte.com\/terminos-y-condiciones"},"modified":"2021-12-09T08:21:19","modified_gmt":"2021-12-09T13:21:19","slug":"terminos-y-condiciones","status":"publish","type":"page","link":"https:\/\/fincadelasuerte.com\/es\/terminos-y-condiciones","title":{"rendered":"T\u00e9rminos y condiciones"},"content":{"rendered":"<h2>Editorial<\/h2>\n<p>Contacto: Andrea y Detlef St\u00f6tzer<br \/>\nResponsibilidad: Andrea y Detlef St\u00f6tzer<br \/>\nDomicilio legal: Las Lajas, San Felix, Panama<\/p>\n<h3>Descargo de responsabilidad<\/h3>\n<p>A nuestro leal saber y entender, s\u00f3lo ofrecemos informaci\u00f3n correcta y actualizada en nuestro sitio web. Sin embargo, no asumimos ninguna responsabilidad ni garant\u00eda en cuanto a la actualidad y la correcci\u00f3n, y s\u00f3lo asumimos la responsabilidad por negligencia grave e intencionada.<br \/>\nEn el caso de las referencias (enlaces) en nuestras p\u00e1ginas de Internet, destacamos expresamente que no tenemos ninguna influencia sobre el texto del enlace, el dise\u00f1o, las posibles violaciones de los derechos aplicables, incluidos los derechos de marca y de propiedad y el contenido de las p\u00e1ginas enlazadas. Tambi\u00e9n nos desvinculamos expresamente de la redacci\u00f3n del enlace, as\u00ed como de todos los contenidos de todas las p\u00e1ginas a las que hemos puesto enlaces.<br \/>\nLos operadores de las p\u00e1ginas enlazadas son los \u00fanicos responsables de su contenido.<\/p>\n<h3>Pol\u00edtica de privacidad<\/h3>\n<p>fincadelasuerte.com es la oferta en Internet de Andrea &amp; Detlef St\u00f6tzer Finca de la Suerte &#8211; Las Lajas. Nos tomamos muy en serio la protecci\u00f3n de datos. La recogida de datos se realiza en el marco de la normativa legal. En la medida en que los datos personales se transmiten a trav\u00e9s de los formularios de notificaci\u00f3n, pedido o registro establecidos, los utilizamos \u00fanicamente para los fines indicados en cada caso y, en particular, no transmitimos los datos a terceros.<\/p>\n<p>Los detalles pueden encontrarse en: www.datenschutz.de<\/p>\n<h3>Copyright<\/h3>\n<p>Esta presencia en Internet ha sido cuidadosamente creada. Todos los textos, im\u00e1genes, gr\u00e1ficos y otros contenidos son propiedad (en el sentido de los derechos de autor) del operador del sitio antes mencionado, si no se se\u00f1ala expl\u00edcitamente con una referencia apropiada de derechos de autor (por ejemplo: fuente) a un derecho de autor de terceros.<br \/>\nNo obstante, si se infringe o se ha infringido un derecho de autor, esto es involuntario y no da derecho en ning\u00fan caso a una advertencia o al c\u00e1lculo de posibles tasas de uso o de licencia.<br \/>\nEn el caso de una posible violaci\u00f3n de los derechos de autor comprobada, el operador del sitio antes mencionado debe ser informado inmediatamente (es decir, dentro de los siete d\u00edas siguientes a su conocimiento) y por escrito &#8211; exclusivamente por correo postal &#8211; sobre la posible violaci\u00f3n de los derechos de autor con las pruebas correspondientes. Esta notificaci\u00f3n debe contener los siguientes datos El host y la direcci\u00f3n IP desde la que se accedi\u00f3 a la p\u00e1gina, as\u00ed como la fecha, la hora, el sistema operativo y el navegador de Internet utilizado. Sin esta informaci\u00f3n, el procesamiento no es posible y ser\u00e1 rechazado a nuestro relevo (operador del sitio o licenciante del software).<br \/>\nAl recibir esta notificaci\u00f3n, el operador del sitio comprobar\u00e1 los derechos de autor reales y, si es necesario, los eliminar\u00e1 o borrar\u00e1 inmediatamente (en un plazo de siete d\u00edas) de este sitio web y del servidor.<br \/>\nEste cambio o eliminaci\u00f3n se har\u00e1 sin que se reconozca una obligaci\u00f3n legal. Quedan excluidas, en general, otras reclamaciones contra el mencionado operador del sitio o el licenciante del software.<\/p>\n<h3>Legal<\/h3>\n<p>Para los posibles litigios que pudieran derivarse de esta presencia en Internet, el lugar de jurisdicci\u00f3n es, en principio, la ubicaci\u00f3n del operador lateral (aqu\u00ed: Las Lajas, San F\u00e9lix, Panam\u00e1). Se aplican exclusivamente las normas legales de Panam\u00e1.<br \/>\nCon la llamada, el uso de esta presencia en Internet el visitante reconoce obligatoriamente las referencias mencionadas.<br \/>\nPara los servicios, las entregas, los productos, etc. son tambi\u00e9n exclusivamente nuestros T\u00e9rminos y Condiciones Generales (ABG).<\/p>\n","protected":false},"excerpt":{"rendered":"<p>Editorial Contacto: Andrea y Detlef St\u00f6tzer Responsibilidad: Andrea y Detlef St\u00f6tzer Domicilio legal: Las Lajas, San Felix, Panama Descargo de responsabilidad A nuestro leal saber y entender, s\u00f3lo ofrecemos informaci\u00f3n correcta y actualizada en nuestro sitio web. Sin embargo, no asumimos ninguna responsabilidad ni garant\u00eda en cuanto a la actualidad y la correcci\u00f3n, y s\u00f3lo [&hellip;]<\/p>\n","protected":false},"author":1,"featured_media":0,"parent":0,"menu_order":0,"comment_status":"closed","ping_status":"closed","template":"elementor_header_footer","meta":{"footnotes":""},"class_list":["post-1270","page","type-page","status-publish","hentry"],"yoast_head":"<!-- This site is optimized with the Yoast SEO plugin v27.3 - https:\/\/yoast.com\/product\/yoast-seo-wordpress\/ -->\n<title>T\u00e9rminos y condiciones &#187; Hotel Finca de la Suerte<\/title>\n<meta name=\"robots\" content=\"index, follow, max-snippet:-1, max-image-preview:large, max-video-preview:-1\" \/>\n<link rel=\"canonical\" href=\"https:\/\/fincadelasuerte.com\/es\/terminos-y-condiciones\" \/>\n<meta property=\"og:locale\" content=\"es_ES\" \/>\n<meta property=\"og:type\" content=\"article\" \/>\n<meta property=\"og:title\" content=\"T\u00e9rminos y condiciones &#187; Hotel Finca de la Suerte\" \/>\n<meta property=\"og:description\" content=\"Editorial Contacto: Andrea y Detlef St\u00f6tzer Responsibilidad: Andrea y Detlef St\u00f6tzer Domicilio legal: Las Lajas, San Felix, Panama Descargo de responsabilidad A nuestro leal saber y entender, s\u00f3lo ofrecemos informaci\u00f3n correcta y actualizada en nuestro sitio web. Sin embargo, no asumimos ninguna responsabilidad ni garant\u00eda en cuanto a la actualidad y la correcci\u00f3n, y s\u00f3lo [&hellip;]\" \/>\n<meta property=\"og:url\" content=\"https:\/\/fincadelasuerte.com\/es\/terminos-y-condiciones\" \/>\n<meta property=\"og:site_name\" content=\"Hotel Finca de la Suerte\" \/>\n<meta property=\"article:modified_time\" content=\"2021-12-09T13:21:19+00:00\" \/>\n<meta name=\"twitter:card\" content=\"summary_large_image\" \/>\n<meta name=\"twitter:label1\" content=\"Tiempo de lectura\" \/>\n\t<meta name=\"twitter:data1\" content=\"3 minutos\" \/>\n<script type=\"application\/ld+json\" class=\"yoast-schema-graph\">{\"@context\":\"https:\\\/\\\/schema.org\",\"@graph\":[{\"@type\":\"WebPage\",\"@id\":\"https:\\\/\\\/fincadelasuerte.com\\\/es\\\/terminos-y-condiciones\",\"url\":\"https:\\\/\\\/fincadelasuerte.com\\\/es\\\/terminos-y-condiciones\",\"name\":\"T\u00e9rminos y condiciones &#187; Hotel Finca de la Suerte\",\"isPartOf\":{\"@id\":\"https:\\\/\\\/fincadelasuerte.com\\\/es#website\"},\"datePublished\":\"2021-12-06T18:05:25+00:00\",\"dateModified\":\"2021-12-09T13:21:19+00:00\",\"breadcrumb\":{\"@id\":\"https:\\\/\\\/fincadelasuerte.com\\\/es\\\/terminos-y-condiciones#breadcrumb\"},\"inLanguage\":\"es\",\"potentialAction\":[{\"@type\":\"ReadAction\",\"target\":[\"https:\\\/\\\/fincadelasuerte.com\\\/es\\\/terminos-y-condiciones\"]}]},{\"@type\":\"BreadcrumbList\",\"@id\":\"https:\\\/\\\/fincadelasuerte.com\\\/es\\\/terminos-y-condiciones#breadcrumb\",\"itemListElement\":[{\"@type\":\"ListItem\",\"position\":1,\"name\":\"Startseite\",\"item\":\"https:\\\/\\\/fincadelasuerte.com\\\/es\"},{\"@type\":\"ListItem\",\"position\":2,\"name\":\"T\u00e9rminos y condiciones\"}]},{\"@type\":\"WebSite\",\"@id\":\"https:\\\/\\\/fincadelasuerte.com\\\/es#website\",\"url\":\"https:\\\/\\\/fincadelasuerte.com\\\/es\",\"name\":\"Hotel Finca de la Suerte\",\"description\":\"Las Lajas, Chiriqu\u00ed, Panam\u00e1\",\"publisher\":{\"@id\":\"https:\\\/\\\/fincadelasuerte.com\\\/es#organization\"},\"potentialAction\":[{\"@type\":\"SearchAction\",\"target\":{\"@type\":\"EntryPoint\",\"urlTemplate\":\"https:\\\/\\\/fincadelasuerte.com\\\/es?s={search_term_string}\"},\"query-input\":{\"@type\":\"PropertyValueSpecification\",\"valueRequired\":true,\"valueName\":\"search_term_string\"}}],\"inLanguage\":\"es\"},{\"@type\":\"Organization\",\"@id\":\"https:\\\/\\\/fincadelasuerte.com\\\/es#organization\",\"name\":\"Hotel Finca de la Suerte\",\"url\":\"https:\\\/\\\/fincadelasuerte.com\\\/es\",\"logo\":{\"@type\":\"ImageObject\",\"inLanguage\":\"es\",\"@id\":\"https:\\\/\\\/fincadelasuerte.com\\\/es#\\\/schema\\\/logo\\\/image\\\/\",\"url\":\"https:\\\/\\\/fincadelasuerte.com\\\/wp-content\\\/uploads\\\/cropped-favicon.png\",\"contentUrl\":\"https:\\\/\\\/fincadelasuerte.com\\\/wp-content\\\/uploads\\\/cropped-favicon.png\",\"width\":512,\"height\":512,\"caption\":\"Hotel Finca de la Suerte\"},\"image\":{\"@id\":\"https:\\\/\\\/fincadelasuerte.com\\\/es#\\\/schema\\\/logo\\\/image\\\/\"}}]}<\/script>\n<!-- \/ Yoast SEO plugin. -->","yoast_head_json":{"title":"T\u00e9rminos y condiciones &#187; Hotel Finca de la Suerte","robots":{"index":"index","follow":"follow","max-snippet":"max-snippet:-1","max-image-preview":"max-image-preview:large","max-video-preview":"max-video-preview:-1"},"canonical":"https:\/\/fincadelasuerte.com\/es\/terminos-y-condiciones","og_locale":"es_ES","og_type":"article","og_title":"T\u00e9rminos y condiciones &#187; Hotel Finca de la Suerte","og_description":"Editorial Contacto: Andrea y Detlef St\u00f6tzer Responsibilidad: Andrea y Detlef St\u00f6tzer Domicilio legal: Las Lajas, San Felix, Panama Descargo de responsabilidad A nuestro leal saber y entender, s\u00f3lo ofrecemos informaci\u00f3n correcta y actualizada en nuestro sitio web. Sin embargo, no asumimos ninguna responsabilidad ni garant\u00eda en cuanto a la actualidad y la correcci\u00f3n, y s\u00f3lo [&hellip;]","og_url":"https:\/\/fincadelasuerte.com\/es\/terminos-y-condiciones","og_site_name":"Hotel Finca de la Suerte","article_modified_time":"2021-12-09T13:21:19+00:00","twitter_card":"summary_large_image","twitter_misc":{"Tiempo de lectura":"3 minutos"},"schema":{"@context":"https:\/\/schema.org","@graph":[{"@type":"WebPage","@id":"https:\/\/fincadelasuerte.com\/es\/terminos-y-condiciones","url":"https:\/\/fincadelasuerte.com\/es\/terminos-y-condiciones","name":"T\u00e9rminos y condiciones &#187; Hotel Finca de la Suerte","isPartOf":{"@id":"https:\/\/fincadelasuerte.com\/es#website"},"datePublished":"2021-12-06T18:05:25+00:00","dateModified":"2021-12-09T13:21:19+00:00","breadcrumb":{"@id":"https:\/\/fincadelasuerte.com\/es\/terminos-y-condiciones#breadcrumb"},"inLanguage":"es","potentialAction":[{"@type":"ReadAction","target":["https:\/\/fincadelasuerte.com\/es\/terminos-y-condiciones"]}]},{"@type":"BreadcrumbList","@id":"https:\/\/fincadelasuerte.com\/es\/terminos-y-condiciones#breadcrumb","itemListElement":[{"@type":"ListItem","position":1,"name":"Startseite","item":"https:\/\/fincadelasuerte.com\/es"},{"@type":"ListItem","position":2,"name":"T\u00e9rminos y condiciones"}]},{"@type":"WebSite","@id":"https:\/\/fincadelasuerte.com\/es#website","url":"https:\/\/fincadelasuerte.com\/es","name":"Hotel Finca de la Suerte","description":"Las Lajas, Chiriqu\u00ed, Panam\u00e1","publisher":{"@id":"https:\/\/fincadelasuerte.com\/es#organization"},"potentialAction":[{"@type":"SearchAction","target":{"@type":"EntryPoint","urlTemplate":"https:\/\/fincadelasuerte.com\/es?s={search_term_string}"},"query-input":{"@type":"PropertyValueSpecification","valueRequired":true,"valueName":"search_term_string"}}],"inLanguage":"es"},{"@type":"Organization","@id":"https:\/\/fincadelasuerte.com\/es#organization","name":"Hotel Finca de la Suerte","url":"https:\/\/fincadelasuerte.com\/es","logo":{"@type":"ImageObject","inLanguage":"es","@id":"https:\/\/fincadelasuerte.com\/es#\/schema\/logo\/image\/","url":"https:\/\/fincadelasuerte.com\/wp-content\/uploads\/cropped-favicon.png","contentUrl":"https:\/\/fincadelasuerte.com\/wp-content\/uploads\/cropped-favicon.png","width":512,"height":512,"caption":"Hotel Finca de la Suerte"},"image":{"@id":"https:\/\/fincadelasuerte.com\/es#\/schema\/logo\/image\/"}}]}},"_links":{"self":[{"href":"https:\/\/fincadelasuerte.com\/es\/wp-json\/wp\/v2\/pages\/1270","targetHints":{"allow":["GET"]}}],"collection":[{"href":"https:\/\/fincadelasuerte.com\/es\/wp-json\/wp\/v2\/pages"}],"about":[{"href":"https:\/\/fincadelasuerte.com\/es\/wp-json\/wp\/v2\/types\/page"}],"author":[{"embeddable":true,"href":"https:\/\/fincadelasuerte.com\/es\/wp-json\/wp\/v2\/users\/1"}],"replies":[{"embeddable":true,"href":"https:\/\/fincadelasuerte.com\/es\/wp-json\/wp\/v2\/comments?post=1270"}],"version-history":[{"count":1,"href":"https:\/\/fincadelasuerte.com\/es\/wp-json\/wp\/v2\/pages\/1270\/revisions"}],"predecessor-version":[{"id":1498,"href":"https:\/\/fincadelasuerte.com\/es\/wp-json\/wp\/v2\/pages\/1270\/revisions\/1498"}],"wp:attachment":[{"href":"https:\/\/fincadelasuerte.com\/es\/wp-json\/wp\/v2\/media?parent=1270"}],"curies":[{"name":"wp","href":"https:\/\/api.w.org\/{rel}","templated":true}]}}