{"id":1252,"date":"2021-12-06T12:52:16","date_gmt":"2021-12-06T17:52:16","guid":{"rendered":"https:\/\/fincadelasuerte.com\/reservar-en-linea"},"modified":"2021-12-06T12:52:19","modified_gmt":"2021-12-06T17:52:19","slug":"reservar-en-linea","status":"publish","type":"page","link":"https:\/\/fincadelasuerte.com\/es\/reservar-en-linea","title":{"rendered":"Reservar en l\u00ednea"},"content":{"rendered":"<p style=\"text-align: left;\">Especifique las fechas de entrada y salida y el n\u00famero de personas: encuentre la mejor tarifa de habitaci\u00f3n y res\u00e9rvela en l\u00ednea f\u00e1cilmente.<\/p>\n<p style=\"text-align: left;\"><div class=\"mphb_sc_search-wrapper horizontal\"><form method=\"GET\" class=\"mphb_sc_search-form\" action=\"https:\/\/fincadelasuerte.com\/es\/resultados-de-la-busqueda\">\n\n\t<p class = \"mphb-required-fields-tip\">\n\t<small>\n\t\tLos campos obligatorios son seguidos por\t\t<abbr title=\"required\">*<\/abbr>\n\t<\/small>\n<\/p>\n\t<p class=\"mphb_sc_search-check-in-date\">\n\t\t<label for=\"mphb_check_in_date-mphb-search-form-69d63b24d6a20\">\n\t\t\tD\u00eda de llegada\t\t\t<abbr title=\"Formato dd\/mm\/yyyy\">*<\/abbr>\n\t\t<\/label>\n\t\t<br \/>\n\t\t<input\n\t\t\tid=\"mphb_check_in_date-mphb-search-form-69d63b24d6a20\"\n\t\t\tdata-datepick-group=\"mphb-search-form-69d63b24d6a20\"\n\t\t\tvalue=\"\"\n\t\t\tplaceholder=\"Fecha de llegada\"\n\t\t\trequired=\"required\"\n\t\t\ttype=\"text\"\n\t\t\tinputmode=\"none\"\n\t\t\tname=\"mphb_check_in_date\"\n\t\t\tclass=\"mphb-datepick\"\n\t\t\tautocomplete=\"off\"\n\t\t\t\/>\n\t<\/p>\n\n\t<p class=\"mphb_sc_search-check-out-date\">\n\t\t<label for=\"mphb_check_out_date-mphb-search-form-69d63b24d6a20\">\n\t\t\tD\u00eda de salida\t\t\t<abbr title=\"Formato dd\/mm\/yyyy\">*<\/abbr>\n\t\t<\/label>\n\t\t<br \/>\n\t\t<input\n\t\t\tid=\"mphb_check_out_date-mphb-search-form-69d63b24d6a20\"\n\t\t\tdata-datepick-group=\"mphb-search-form-69d63b24d6a20\"\n\t\t\tvalue=\"\"\n\t\t\tplaceholder=\"Fecha de salida\"\n\t\t\trequired=\"required\"\n\t\t\ttype=\"text\"\n\t\t\tinputmode=\"none\"\n\t\t\tname=\"mphb_check_out_date\"\n\t\t\tclass=\"mphb-datepick\"\n\t\t\tautocomplete=\"off\"\n\t\t\t\/>\n\t<\/p>\n\n\t\t\t<p class=\"mphb_sc_search-adults\">\n\t\t\t<label for=\"mphb_adults-mphb-search-form-69d63b24d6a20\">\n\t\t\t\tAdultos\t\t\t<\/label>\n\t\t\t<br \/>\n\t\t\t<select id=\"mphb_adults-mphb-search-form-69d63b24d6a20\" name=\"mphb_adults\" >\n\t\t\t\t\t\t\t\t\t<option value=\"1\"  selected='selected'>1<\/option>\n\t\t\t\t\t\t\t\t\t<option value=\"2\" >2<\/option>\n\t\t\t\t\t\t\t\t\t<option value=\"3\" >3<\/option>\n\t\t\t\t\t\t\t\t\t<option value=\"4\" >4<\/option>\n\t\t\t\t\t\t\t\t\t<option value=\"5\" >5<\/option>\n\t\t\t\t\t\t\t\t\t<option value=\"6\" >6<\/option>\n\t\t\t\t\t\t\t\t\t<option value=\"7\" >7<\/option>\n\t\t\t\t\t\t\t\t\t<option value=\"8\" >8<\/option>\n\t\t\t\t\t\t\t\t\t<option value=\"9\" >9<\/option>\n\t\t\t\t\t\t\t\t\t<option value=\"10\" >10<\/option>\n\t\t\t\t\t\t\t\t\t<option value=\"11\" >11<\/option>\n\t\t\t\t\t\t\t\t\t<option value=\"12\" >12<\/option>\n\t\t\t\t\t\t\t<\/select>\n\t\t<\/p>\n\t\n\t\t\t<p class=\"mphb_sc_search-children\">\n\t\t\t<label for=\"mphb_children-mphb-search-form-69d63b24d6a20\">\n\t\t\t\tNi\u00f1os\t\t\t<\/label>\n\t\t\t<br \/>\n\t\t\t<select id=\"mphb_children-mphb-search-form-69d63b24d6a20\" name=\"mphb_children\">\n\t\t\t\t\t\t\t\t\t<option value=\"0\"  selected='selected'>0<\/option>\n\t\t\t\t\t\t\t\t\t<option value=\"1\" >1<\/option>\n\t\t\t\t\t\t\t\t\t<option value=\"2\" >2<\/option>\n\t\t\t\t\t\t\t\t\t<option value=\"3\" >3<\/option>\n\t\t\t\t\t\t\t\t\t<option value=\"4\" >4<\/option>\n\t\t\t\t\t\t\t\t\t<option value=\"5\" >5<\/option>\n\t\t\t\t\t\t\t\t\t<option value=\"6\" >6<\/option>\n\t\t\t\t\t\t\t<\/select>\n\t\t<\/p>\n\t\n\t\n\t\n\t<input id=\"mphb_check_in_date-mphb-search-form-69d63b24d6a20-hidden\" value=\"\" type=\"hidden\" name=\"mphb_check_in_date\" \/><input id=\"mphb_check_out_date-mphb-search-form-69d63b24d6a20-hidden\" value=\"\" type=\"hidden\" name=\"mphb_check_out_date\" \/>\n\t<p class=\"mphb_sc_search-submit-button-wrapper\">\n\t\t<input type=\"submit\" class=\"button\" value=\"Buscar\"\/>\n\t<\/p>\n\n\t\n<\/form>\n<\/div><\/p>\n","protected":false},"excerpt":{"rendered":"<p>Especifique las fechas de entrada y salida y el n\u00famero de personas: encuentre la mejor tarifa de habitaci\u00f3n y res\u00e9rvela en l\u00ednea f\u00e1cilmente.<\/p>\n","protected":false},"author":1,"featured_media":0,"parent":0,"menu_order":0,"comment_status":"closed","ping_status":"closed","template":"template-boxed.php","meta":{"footnotes":""},"class_list":["post-1252","page","type-page","status-publish","hentry"],"yoast_head":"<!-- This site is optimized with the Yoast SEO plugin v27.3 - https:\/\/yoast.com\/product\/yoast-seo-wordpress\/ -->\n<title>Reservar en l\u00ednea &#187; Hotel Finca de la Suerte<\/title>\n<meta name=\"robots\" content=\"index, follow, max-snippet:-1, max-image-preview:large, max-video-preview:-1\" \/>\n<link rel=\"canonical\" href=\"https:\/\/fincadelasuerte.com\/es\/reservar-en-linea\" \/>\n<meta property=\"og:locale\" content=\"es_ES\" \/>\n<meta property=\"og:type\" content=\"article\" \/>\n<meta property=\"og:title\" content=\"Reservar en l\u00ednea &#187; Hotel Finca de la Suerte\" \/>\n<meta property=\"og:description\" content=\"Especifique las fechas de entrada y salida y el n\u00famero de personas: encuentre la mejor tarifa de habitaci\u00f3n y res\u00e9rvela en l\u00ednea f\u00e1cilmente.\" \/>\n<meta property=\"og:url\" content=\"https:\/\/fincadelasuerte.com\/es\/reservar-en-linea\" \/>\n<meta property=\"og:site_name\" content=\"Hotel Finca de la Suerte\" \/>\n<meta property=\"article:modified_time\" content=\"2021-12-06T17:52:19+00:00\" \/>\n<meta name=\"twitter:card\" content=\"summary_large_image\" \/>\n<script type=\"application\/ld+json\" class=\"yoast-schema-graph\">{\"@context\":\"https:\\\/\\\/schema.org\",\"@graph\":[{\"@type\":\"WebPage\",\"@id\":\"https:\\\/\\\/fincadelasuerte.com\\\/es\\\/reservar-en-linea\",\"url\":\"https:\\\/\\\/fincadelasuerte.com\\\/es\\\/reservar-en-linea\",\"name\":\"Reservar en l\u00ednea &#187; Hotel Finca de la Suerte\",\"isPartOf\":{\"@id\":\"https:\\\/\\\/fincadelasuerte.com\\\/es#website\"},\"datePublished\":\"2021-12-06T17:52:16+00:00\",\"dateModified\":\"2021-12-06T17:52:19+00:00\",\"breadcrumb\":{\"@id\":\"https:\\\/\\\/fincadelasuerte.com\\\/es\\\/reservar-en-linea#breadcrumb\"},\"inLanguage\":\"es\",\"potentialAction\":[{\"@type\":\"ReadAction\",\"target\":[\"https:\\\/\\\/fincadelasuerte.com\\\/es\\\/reservar-en-linea\"]}]},{\"@type\":\"BreadcrumbList\",\"@id\":\"https:\\\/\\\/fincadelasuerte.com\\\/es\\\/reservar-en-linea#breadcrumb\",\"itemListElement\":[{\"@type\":\"ListItem\",\"position\":1,\"name\":\"Startseite\",\"item\":\"https:\\\/\\\/fincadelasuerte.com\\\/es\"},{\"@type\":\"ListItem\",\"position\":2,\"name\":\"Reservar en l\u00ednea\"}]},{\"@type\":\"WebSite\",\"@id\":\"https:\\\/\\\/fincadelasuerte.com\\\/es#website\",\"url\":\"https:\\\/\\\/fincadelasuerte.com\\\/es\",\"name\":\"Hotel Finca de la Suerte\",\"description\":\"Las Lajas, Chiriqu\u00ed, Panam\u00e1\",\"publisher\":{\"@id\":\"https:\\\/\\\/fincadelasuerte.com\\\/es#organization\"},\"potentialAction\":[{\"@type\":\"SearchAction\",\"target\":{\"@type\":\"EntryPoint\",\"urlTemplate\":\"https:\\\/\\\/fincadelasuerte.com\\\/es?s={search_term_string}\"},\"query-input\":{\"@type\":\"PropertyValueSpecification\",\"valueRequired\":true,\"valueName\":\"search_term_string\"}}],\"inLanguage\":\"es\"},{\"@type\":\"Organization\",\"@id\":\"https:\\\/\\\/fincadelasuerte.com\\\/es#organization\",\"name\":\"Hotel Finca de la Suerte\",\"url\":\"https:\\\/\\\/fincadelasuerte.com\\\/es\",\"logo\":{\"@type\":\"ImageObject\",\"inLanguage\":\"es\",\"@id\":\"https:\\\/\\\/fincadelasuerte.com\\\/es#\\\/schema\\\/logo\\\/image\\\/\",\"url\":\"https:\\\/\\\/fincadelasuerte.com\\\/wp-content\\\/uploads\\\/cropped-favicon.png\",\"contentUrl\":\"https:\\\/\\\/fincadelasuerte.com\\\/wp-content\\\/uploads\\\/cropped-favicon.png\",\"width\":512,\"height\":512,\"caption\":\"Hotel Finca de la Suerte\"},\"image\":{\"@id\":\"https:\\\/\\\/fincadelasuerte.com\\\/es#\\\/schema\\\/logo\\\/image\\\/\"}}]}<\/script>\n<!-- \/ Yoast SEO plugin. -->","yoast_head_json":{"title":"Reservar en l\u00ednea &#187; Hotel Finca de la Suerte","robots":{"index":"index","follow":"follow","max-snippet":"max-snippet:-1","max-image-preview":"max-image-preview:large","max-video-preview":"max-video-preview:-1"},"canonical":"https:\/\/fincadelasuerte.com\/es\/reservar-en-linea","og_locale":"es_ES","og_type":"article","og_title":"Reservar en l\u00ednea &#187; Hotel Finca de la Suerte","og_description":"Especifique las fechas de entrada y salida y el n\u00famero de personas: encuentre la mejor tarifa de habitaci\u00f3n y res\u00e9rvela en l\u00ednea f\u00e1cilmente.","og_url":"https:\/\/fincadelasuerte.com\/es\/reservar-en-linea","og_site_name":"Hotel Finca de la Suerte","article_modified_time":"2021-12-06T17:52:19+00:00","twitter_card":"summary_large_image","schema":{"@context":"https:\/\/schema.org","@graph":[{"@type":"WebPage","@id":"https:\/\/fincadelasuerte.com\/es\/reservar-en-linea","url":"https:\/\/fincadelasuerte.com\/es\/reservar-en-linea","name":"Reservar en l\u00ednea &#187; Hotel Finca de la Suerte","isPartOf":{"@id":"https:\/\/fincadelasuerte.com\/es#website"},"datePublished":"2021-12-06T17:52:16+00:00","dateModified":"2021-12-06T17:52:19+00:00","breadcrumb":{"@id":"https:\/\/fincadelasuerte.com\/es\/reservar-en-linea#breadcrumb"},"inLanguage":"es","potentialAction":[{"@type":"ReadAction","target":["https:\/\/fincadelasuerte.com\/es\/reservar-en-linea"]}]},{"@type":"BreadcrumbList","@id":"https:\/\/fincadelasuerte.com\/es\/reservar-en-linea#breadcrumb","itemListElement":[{"@type":"ListItem","position":1,"name":"Startseite","item":"https:\/\/fincadelasuerte.com\/es"},{"@type":"ListItem","position":2,"name":"Reservar en l\u00ednea"}]},{"@type":"WebSite","@id":"https:\/\/fincadelasuerte.com\/es#website","url":"https:\/\/fincadelasuerte.com\/es","name":"Hotel Finca de la Suerte","description":"Las Lajas, Chiriqu\u00ed, Panam\u00e1","publisher":{"@id":"https:\/\/fincadelasuerte.com\/es#organization"},"potentialAction":[{"@type":"SearchAction","target":{"@type":"EntryPoint","urlTemplate":"https:\/\/fincadelasuerte.com\/es?s={search_term_string}"},"query-input":{"@type":"PropertyValueSpecification","valueRequired":true,"valueName":"search_term_string"}}],"inLanguage":"es"},{"@type":"Organization","@id":"https:\/\/fincadelasuerte.com\/es#organization","name":"Hotel Finca de la Suerte","url":"https:\/\/fincadelasuerte.com\/es","logo":{"@type":"ImageObject","inLanguage":"es","@id":"https:\/\/fincadelasuerte.com\/es#\/schema\/logo\/image\/","url":"https:\/\/fincadelasuerte.com\/wp-content\/uploads\/cropped-favicon.png","contentUrl":"https:\/\/fincadelasuerte.com\/wp-content\/uploads\/cropped-favicon.png","width":512,"height":512,"caption":"Hotel Finca de la Suerte"},"image":{"@id":"https:\/\/fincadelasuerte.com\/es#\/schema\/logo\/image\/"}}]}},"_links":{"self":[{"href":"https:\/\/fincadelasuerte.com\/es\/wp-json\/wp\/v2\/pages\/1252","targetHints":{"allow":["GET"]}}],"collection":[{"href":"https:\/\/fincadelasuerte.com\/es\/wp-json\/wp\/v2\/pages"}],"about":[{"href":"https:\/\/fincadelasuerte.com\/es\/wp-json\/wp\/v2\/types\/page"}],"author":[{"embeddable":true,"href":"https:\/\/fincadelasuerte.com\/es\/wp-json\/wp\/v2\/users\/1"}],"replies":[{"embeddable":true,"href":"https:\/\/fincadelasuerte.com\/es\/wp-json\/wp\/v2\/comments?post=1252"}],"version-history":[{"count":1,"href":"https:\/\/fincadelasuerte.com\/es\/wp-json\/wp\/v2\/pages\/1252\/revisions"}],"predecessor-version":[{"id":1253,"href":"https:\/\/fincadelasuerte.com\/es\/wp-json\/wp\/v2\/pages\/1252\/revisions\/1253"}],"wp:attachment":[{"href":"https:\/\/fincadelasuerte.com\/es\/wp-json\/wp\/v2\/media?parent=1252"}],"curies":[{"name":"wp","href":"https:\/\/api.w.org\/{rel}","templated":true}]}}