{"id":1411,"date":"2021-12-07T13:26:40","date_gmt":"2021-12-07T18:26:40","guid":{"rendered":"https:\/\/fincadelasuerte.com\/aktivitaeten"},"modified":"2021-12-07T14:28:10","modified_gmt":"2021-12-07T19:28:10","slug":"aktivitaeten","status":"publish","type":"page","link":"https:\/\/fincadelasuerte.com\/de\/aktivitaeten","title":{"rendered":"Aktivit\u00e4ten"},"content":{"rendered":"\t\t<div data-elementor-type=\"wp-page\" data-elementor-id=\"1411\" class=\"elementor elementor-1411 elementor-1406\">\n\t\t\t\t\t\t<section class=\"elementor-section elementor-top-section elementor-element elementor-element-795e68c elementor-section-boxed elementor-section-height-default elementor-section-height-default\" data-id=\"795e68c\" data-element_type=\"section\" data-e-type=\"section\">\n\t\t\t\t\t\t<div class=\"elementor-container elementor-column-gap-default\">\n\t\t\t\t\t<div class=\"elementor-column elementor-col-100 elementor-top-column elementor-element elementor-element-e2a378d\" data-id=\"e2a378d\" data-element_type=\"column\" data-e-type=\"column\">\n\t\t\t<div class=\"elementor-widget-wrap elementor-element-populated\">\n\t\t\t\t\t\t<div class=\"elementor-element elementor-element-alpenhouse-activities elementor-widget elementor-widget-activities\" data-id=\"alpenhouse-activities\" data-element_type=\"widget\" data-e-type=\"widget\" data-widget_type=\"activities.default\">\n\t\t\t\t<div class=\"elementor-widget-container\">\n\t\t\t\t\t<div class=\"activities-shortcode-wrapper list\">\t\t<div class=\"activities-wrapper columns-1\">\r\n\t\t<article id=\"post-1220\" class=\"post-1220 cptp-activity type-cptp-activity status-publish has-post-thumbnail hentry\">\r\n\r\n    <a class=\"post-thumbnail\" href=\"https:\/\/fincadelasuerte.com\/de\/aktivitaet\/boca-chica\" aria-hidden=\"true\">\r\n        <img fetchpriority=\"high\" decoding=\"async\" width=\"768\" height=\"480\" src=\"https:\/\/fincadelasuerte.com\/wp-content\/uploads\/boca-chica-768x480.jpg\" class=\"attachment-alpenhouse-post-thumbnail-cropped size-alpenhouse-post-thumbnail-cropped wp-post-image\" alt=\"Boca Chica\" \/>        <div class=\"thumbnail-overlay\"><\/div>\r\n    <\/a>\r\n    <div class=\"activity-summary\">\r\n        <header class=\"entry-header\">\r\n            <h2 class=\"entry-title\"><a href=\"https:\/\/fincadelasuerte.com\/de\/aktivitaet\/boca-chica\" rel=\"bookmark\">Boca Chica<\/a><\/h2>        <\/header><!-- .entry-header -->\r\n        <div class=\"entry-content\">\r\n        <p>Nur etwa 45 Autominuten (oder mit dem Shuttlebus) von Las Lajas entfernt, er\u00f6ffnet sich ein weiteres Paradies inmitten abgeschiedener Buchten, Inseln mit wei\u00dfen Sandstr\u00e4nden, Mangroven und Meeres\u00f6ffnungen. Boca Chica ist eine der sonnenreichsten Regionen Panamas und touristisch gut erschlossen.<\/p>\n<p> <a href=\"https:\/\/fincadelasuerte.com\/de\/aktivitaet\/boca-chica#more-1220\" class=\"more-link\">Weiterlesen<span class=\"screen-reader-text\"> &#8220;Boca Chica&#8221;<\/span><\/a><\/p>\n    <\/div><!-- .entry-content -->\r\n    <\/div>\r\n<\/article><!-- #post-1220 --><article id=\"post-1218\" class=\"post-1218 cptp-activity type-cptp-activity status-publish has-post-thumbnail hentry\">\r\n\r\n    <a class=\"post-thumbnail\" href=\"https:\/\/fincadelasuerte.com\/de\/aktivitaet\/boquete\" aria-hidden=\"true\">\r\n        <img decoding=\"async\" width=\"768\" height=\"480\" src=\"https:\/\/fincadelasuerte.com\/wp-content\/uploads\/boquete-768x480.jpg\" class=\"attachment-alpenhouse-post-thumbnail-cropped size-alpenhouse-post-thumbnail-cropped wp-post-image\" alt=\"Boquete\" \/>        <div class=\"thumbnail-overlay\"><\/div>\r\n    <\/a>\r\n    <div class=\"activity-summary\">\r\n        <header class=\"entry-header\">\r\n            <h2 class=\"entry-title\"><a href=\"https:\/\/fincadelasuerte.com\/de\/aktivitaet\/boquete\" rel=\"bookmark\">Boquete<\/a><\/h2>        <\/header><!-- .entry-header -->\r\n        <div class=\"entry-content\">\r\n        <p>Sie sind Abenteurer, Genie\u00dfer und Entdecker? Boquete ist unglaublich lebendig, farbenfroh, mit Pflanzen bewachsen und hat viele exquisite Restaurants. Das wahre Pura Vida wartet auf Sie!<\/p>\n<p> <a href=\"https:\/\/fincadelasuerte.com\/de\/aktivitaet\/boquete#more-1218\" class=\"more-link\">Weiterlesen<span class=\"screen-reader-text\"> &#8220;Boquete&#8221;<\/span><\/a><\/p>\n    <\/div><!-- .entry-content -->\r\n    <\/div>\r\n<\/article><!-- #post-1218 --><article id=\"post-1216\" class=\"post-1216 cptp-activity type-cptp-activity status-publish has-post-thumbnail hentry\">\r\n\r\n    <a class=\"post-thumbnail\" href=\"https:\/\/fincadelasuerte.com\/de\/aktivitaet\/petroglyphen-in-el-nancito\" aria-hidden=\"true\">\r\n        <img decoding=\"async\" width=\"768\" height=\"480\" src=\"https:\/\/fincadelasuerte.com\/wp-content\/uploads\/petroglyphs-768x480.jpg\" class=\"attachment-alpenhouse-post-thumbnail-cropped size-alpenhouse-post-thumbnail-cropped wp-post-image\" alt=\"Petroglyphen in El Nancito\" \/>        <div class=\"thumbnail-overlay\"><\/div>\r\n    <\/a>\r\n    <div class=\"activity-summary\">\r\n        <header class=\"entry-header\">\r\n            <h2 class=\"entry-title\"><a href=\"https:\/\/fincadelasuerte.com\/de\/aktivitaet\/petroglyphen-in-el-nancito\" rel=\"bookmark\">Petroglyphen in El Nancito<\/a><\/h2>        <\/header><!-- .entry-header -->\r\n        <div class=\"entry-content\">\r\n        <p>Das kleine und urspr\u00fcngliche Dorf gl\u00e4nzt mit einem faszinierenden Ort, an dem alte Felszeichnungen auf riesigen Felsformationen zu entdecken sind, und atemberaubenden Ausblicken auf die Berge und das Meer.<\/p>\n<p> <a href=\"https:\/\/fincadelasuerte.com\/de\/aktivitaet\/petroglyphen-in-el-nancito#more-1216\" class=\"more-link\">Weiterlesen<span class=\"screen-reader-text\"> &#8220;Petroglyphen in El Nancito&#8221;<\/span><\/a><\/p>\n    <\/div><!-- .entry-content -->\r\n    <\/div>\r\n<\/article><!-- #post-1216 --><article id=\"post-1214\" class=\"post-1214 cptp-activity type-cptp-activity status-publish has-post-thumbnail hentry\">\r\n\r\n    <a class=\"post-thumbnail\" href=\"https:\/\/fincadelasuerte.com\/de\/aktivitaet\/las-lajas-und-umgebung\" aria-hidden=\"true\">\r\n        <img loading=\"lazy\" decoding=\"async\" width=\"768\" height=\"480\" src=\"https:\/\/fincadelasuerte.com\/wp-content\/uploads\/las-lajas-768x480.jpg\" class=\"attachment-alpenhouse-post-thumbnail-cropped size-alpenhouse-post-thumbnail-cropped wp-post-image\" alt=\"Las Lajas und Umgebung\" \/>        <div class=\"thumbnail-overlay\"><\/div>\r\n    <\/a>\r\n    <div class=\"activity-summary\">\r\n        <header class=\"entry-header\">\r\n            <h2 class=\"entry-title\"><a href=\"https:\/\/fincadelasuerte.com\/de\/aktivitaet\/las-lajas-und-umgebung\" rel=\"bookmark\">Las Lajas und Umgebung<\/a><\/h2>        <\/header><!-- .entry-header -->\r\n        <div class=\"entry-content\">\r\n        <p>Las Lajas, das Dorf in der N\u00e4he des Strandes, bietet 328 Sonnentage und konstante Temperaturen von 28-33 Grad. Wir laden Sie ein, sich zu entspannen oder alle Arten von Aktivit\u00e4ten zu genie\u00dfen! Las Lajas ist ideal an der Interamericana gelegen und in nur 5 Minuten sind Sie bereits an einem der l\u00e4ngsten Str\u00e4nde Mittelamerikas.<\/p>\n<p> <a href=\"https:\/\/fincadelasuerte.com\/de\/aktivitaet\/las-lajas-und-umgebung#more-1214\" class=\"more-link\">Weiterlesen<span class=\"screen-reader-text\"> &#8220;Las Lajas und Umgebung&#8221;<\/span><\/a><\/p>\n    <\/div><!-- .entry-content -->\r\n    <\/div>\r\n<\/article><!-- #post-1214 --><article id=\"post-1213\" class=\"post-1213 cptp-activity type-cptp-activity status-publish has-post-thumbnail hentry\">\r\n\r\n    <a class=\"post-thumbnail\" href=\"https:\/\/fincadelasuerte.com\/de\/aktivitaet\/david\" aria-hidden=\"true\">\r\n        <img loading=\"lazy\" decoding=\"async\" width=\"768\" height=\"480\" src=\"https:\/\/fincadelasuerte.com\/wp-content\/uploads\/david-768x480.jpg\" class=\"attachment-alpenhouse-post-thumbnail-cropped size-alpenhouse-post-thumbnail-cropped wp-post-image\" alt=\"David\" \/>        <div class=\"thumbnail-overlay\"><\/div>\r\n    <\/a>\r\n    <div class=\"activity-summary\">\r\n        <header class=\"entry-header\">\r\n            <h2 class=\"entry-title\"><a href=\"https:\/\/fincadelasuerte.com\/de\/aktivitaet\/david\" rel=\"bookmark\">David<\/a><\/h2>        <\/header><!-- .entry-header -->\r\n        <div class=\"entry-content\">\r\n        <p>In unserer Region Chiriqu\u00ed k\u00f6nnen Sie fast alles finden. Panama ist durch den Panamakanal sehr gut mit dem Import verbunden und so gibt es in der drittgr\u00f6\u00dften Stadt des Landes viele Einkaufsm\u00f6glichkeiten. Einkaufszentren und internationale Restaurants sowie private Krankenh\u00e4user sind in weniger als einer Autostunde von las Lajas aus zu erreichen. Die Interamericana verl\u00e4uft so bequem durch Panama, dass man sich nicht verirren kann.<\/p>\n<p> <a href=\"https:\/\/fincadelasuerte.com\/de\/aktivitaet\/david#more-1213\" class=\"more-link\">Weiterlesen<span class=\"screen-reader-text\"> &#8220;David&#8221;<\/span><\/a><\/p>\n    <\/div><!-- .entry-content -->\r\n    <\/div>\r\n<\/article><!-- #post-1213 -->\t\t<\/div>\r\n\t\t <\/div>\t\t\t\t<\/div>\n\t\t\t\t<\/div>\n\t\t\t\t\t<\/div>\n\t\t<\/div>\n\t\t\t\t\t<\/div>\n\t\t<\/section>\n\t\t\t\t<\/div>\n\t\t","protected":false},"excerpt":{"rendered":"","protected":false},"author":1,"featured_media":0,"parent":0,"menu_order":0,"comment_status":"closed","ping_status":"closed","template":"template-no-sidebar.php","meta":{"footnotes":""},"class_list":["post-1411","page","type-page","status-publish","hentry"],"yoast_head":"<!-- This site is optimized with the Yoast SEO plugin v27.3 - https:\/\/yoast.com\/product\/yoast-seo-wordpress\/ -->\n<title>Aktivit\u00e4ten &#187; Finca de la Suerte<\/title>\n<meta name=\"robots\" content=\"index, follow, max-snippet:-1, max-image-preview:large, max-video-preview:-1\" \/>\n<link rel=\"canonical\" href=\"https:\/\/fincadelasuerte.com\/de\/aktivitaeten\" \/>\n<meta property=\"og:locale\" content=\"de_DE\" \/>\n<meta property=\"og:type\" content=\"article\" \/>\n<meta property=\"og:title\" content=\"Aktivit\u00e4ten &#187; Finca de la Suerte\" \/>\n<meta property=\"og:url\" content=\"https:\/\/fincadelasuerte.com\/de\/aktivitaeten\" \/>\n<meta property=\"og:site_name\" content=\"Finca de la Suerte\" \/>\n<meta property=\"article:modified_time\" content=\"2021-12-07T19:28:10+00:00\" \/>\n<meta name=\"twitter:card\" content=\"summary_large_image\" \/>\n<script type=\"application\/ld+json\" class=\"yoast-schema-graph\">{\"@context\":\"https:\\\/\\\/schema.org\",\"@graph\":[{\"@type\":\"WebPage\",\"@id\":\"https:\\\/\\\/fincadelasuerte.com\\\/de\\\/aktivitaeten\",\"url\":\"https:\\\/\\\/fincadelasuerte.com\\\/de\\\/aktivitaeten\",\"name\":\"Aktivit\u00e4ten &#187; Finca de la Suerte\",\"isPartOf\":{\"@id\":\"https:\\\/\\\/fincadelasuerte.com\\\/de#website\"},\"datePublished\":\"2021-12-07T18:26:40+00:00\",\"dateModified\":\"2021-12-07T19:28:10+00:00\",\"breadcrumb\":{\"@id\":\"https:\\\/\\\/fincadelasuerte.com\\\/de\\\/aktivitaeten#breadcrumb\"},\"inLanguage\":\"de\",\"potentialAction\":[{\"@type\":\"ReadAction\",\"target\":[\"https:\\\/\\\/fincadelasuerte.com\\\/de\\\/aktivitaeten\"]}]},{\"@type\":\"BreadcrumbList\",\"@id\":\"https:\\\/\\\/fincadelasuerte.com\\\/de\\\/aktivitaeten#breadcrumb\",\"itemListElement\":[{\"@type\":\"ListItem\",\"position\":1,\"name\":\"Startseite\",\"item\":\"https:\\\/\\\/fincadelasuerte.com\\\/de\"},{\"@type\":\"ListItem\",\"position\":2,\"name\":\"Aktivit\u00e4ten\"}]},{\"@type\":\"WebSite\",\"@id\":\"https:\\\/\\\/fincadelasuerte.com\\\/de#website\",\"url\":\"https:\\\/\\\/fincadelasuerte.com\\\/de\",\"name\":\"Finca de la Suerte\",\"description\":\"Finca Hotel in Las Lajas, Chiriqui, Panama\",\"publisher\":{\"@id\":\"https:\\\/\\\/fincadelasuerte.com\\\/de#organization\"},\"potentialAction\":[{\"@type\":\"SearchAction\",\"target\":{\"@type\":\"EntryPoint\",\"urlTemplate\":\"https:\\\/\\\/fincadelasuerte.com\\\/de?s={search_term_string}\"},\"query-input\":{\"@type\":\"PropertyValueSpecification\",\"valueRequired\":true,\"valueName\":\"search_term_string\"}}],\"inLanguage\":\"de\"},{\"@type\":\"Organization\",\"@id\":\"https:\\\/\\\/fincadelasuerte.com\\\/de#organization\",\"name\":\"Hotel Finca de la Suerte\",\"url\":\"https:\\\/\\\/fincadelasuerte.com\\\/de\",\"logo\":{\"@type\":\"ImageObject\",\"inLanguage\":\"de\",\"@id\":\"https:\\\/\\\/fincadelasuerte.com\\\/de#\\\/schema\\\/logo\\\/image\\\/\",\"url\":\"https:\\\/\\\/fincadelasuerte.com\\\/wp-content\\\/uploads\\\/cropped-favicon.png\",\"contentUrl\":\"https:\\\/\\\/fincadelasuerte.com\\\/wp-content\\\/uploads\\\/cropped-favicon.png\",\"width\":512,\"height\":512,\"caption\":\"Hotel Finca de la Suerte\"},\"image\":{\"@id\":\"https:\\\/\\\/fincadelasuerte.com\\\/de#\\\/schema\\\/logo\\\/image\\\/\"}}]}<\/script>\n<!-- \/ Yoast SEO plugin. -->","yoast_head_json":{"title":"Aktivit\u00e4ten &#187; Finca de la Suerte","robots":{"index":"index","follow":"follow","max-snippet":"max-snippet:-1","max-image-preview":"max-image-preview:large","max-video-preview":"max-video-preview:-1"},"canonical":"https:\/\/fincadelasuerte.com\/de\/aktivitaeten","og_locale":"de_DE","og_type":"article","og_title":"Aktivit\u00e4ten &#187; Finca de la Suerte","og_url":"https:\/\/fincadelasuerte.com\/de\/aktivitaeten","og_site_name":"Finca de la Suerte","article_modified_time":"2021-12-07T19:28:10+00:00","twitter_card":"summary_large_image","schema":{"@context":"https:\/\/schema.org","@graph":[{"@type":"WebPage","@id":"https:\/\/fincadelasuerte.com\/de\/aktivitaeten","url":"https:\/\/fincadelasuerte.com\/de\/aktivitaeten","name":"Aktivit\u00e4ten &#187; Finca de la Suerte","isPartOf":{"@id":"https:\/\/fincadelasuerte.com\/de#website"},"datePublished":"2021-12-07T18:26:40+00:00","dateModified":"2021-12-07T19:28:10+00:00","breadcrumb":{"@id":"https:\/\/fincadelasuerte.com\/de\/aktivitaeten#breadcrumb"},"inLanguage":"de","potentialAction":[{"@type":"ReadAction","target":["https:\/\/fincadelasuerte.com\/de\/aktivitaeten"]}]},{"@type":"BreadcrumbList","@id":"https:\/\/fincadelasuerte.com\/de\/aktivitaeten#breadcrumb","itemListElement":[{"@type":"ListItem","position":1,"name":"Startseite","item":"https:\/\/fincadelasuerte.com\/de"},{"@type":"ListItem","position":2,"name":"Aktivit\u00e4ten"}]},{"@type":"WebSite","@id":"https:\/\/fincadelasuerte.com\/de#website","url":"https:\/\/fincadelasuerte.com\/de","name":"Finca de la Suerte","description":"Finca Hotel in Las Lajas, Chiriqui, Panama","publisher":{"@id":"https:\/\/fincadelasuerte.com\/de#organization"},"potentialAction":[{"@type":"SearchAction","target":{"@type":"EntryPoint","urlTemplate":"https:\/\/fincadelasuerte.com\/de?s={search_term_string}"},"query-input":{"@type":"PropertyValueSpecification","valueRequired":true,"valueName":"search_term_string"}}],"inLanguage":"de"},{"@type":"Organization","@id":"https:\/\/fincadelasuerte.com\/de#organization","name":"Hotel Finca de la Suerte","url":"https:\/\/fincadelasuerte.com\/de","logo":{"@type":"ImageObject","inLanguage":"de","@id":"https:\/\/fincadelasuerte.com\/de#\/schema\/logo\/image\/","url":"https:\/\/fincadelasuerte.com\/wp-content\/uploads\/cropped-favicon.png","contentUrl":"https:\/\/fincadelasuerte.com\/wp-content\/uploads\/cropped-favicon.png","width":512,"height":512,"caption":"Hotel Finca de la Suerte"},"image":{"@id":"https:\/\/fincadelasuerte.com\/de#\/schema\/logo\/image\/"}}]}},"_links":{"self":[{"href":"https:\/\/fincadelasuerte.com\/de\/wp-json\/wp\/v2\/pages\/1411","targetHints":{"allow":["GET"]}}],"collection":[{"href":"https:\/\/fincadelasuerte.com\/de\/wp-json\/wp\/v2\/pages"}],"about":[{"href":"https:\/\/fincadelasuerte.com\/de\/wp-json\/wp\/v2\/types\/page"}],"author":[{"embeddable":true,"href":"https:\/\/fincadelasuerte.com\/de\/wp-json\/wp\/v2\/users\/1"}],"replies":[{"embeddable":true,"href":"https:\/\/fincadelasuerte.com\/de\/wp-json\/wp\/v2\/comments?post=1411"}],"version-history":[{"count":2,"href":"https:\/\/fincadelasuerte.com\/de\/wp-json\/wp\/v2\/pages\/1411\/revisions"}],"predecessor-version":[{"id":1444,"href":"https:\/\/fincadelasuerte.com\/de\/wp-json\/wp\/v2\/pages\/1411\/revisions\/1444"}],"wp:attachment":[{"href":"https:\/\/fincadelasuerte.com\/de\/wp-json\/wp\/v2\/media?parent=1411"}],"curies":[{"name":"wp","href":"https:\/\/api.w.org\/{rel}","templated":true}]}}