{"id":1289,"date":"2021-12-07T09:55:18","date_gmt":"2021-12-07T14:55:18","guid":{"rendered":"https:\/\/fincadelasuerte.com\/hotel"},"modified":"2021-12-07T09:55:41","modified_gmt":"2021-12-07T14:55:41","slug":"hotel","status":"publish","type":"page","link":"https:\/\/fincadelasuerte.com\/de\/hotel","title":{"rendered":"Hotel"},"content":{"rendered":"<h3>Willkommen auf der Sonnenseite des Lebens!<\/h3>\n<h2>Willkommen in \u201eLas Lajas\u201c in unserer Finca de la Suerte!<\/h2>\n<p>Wer nach Panama reist, erwartet leckeres Essen, Entspannung, Erlebnisse, tolle Kontakte zu liebevollen Menschen und das pure Leben- la Pura Vida!<\/p>\n<p>Genau das erwartet Euch bei Eurem Zwischenstopp oder l\u00e4ngeren Aufenthalt in unserer Finca de la Suerte.<\/p>\n<p>In einer der gr\u00fcnsten Regionen Panamas in Chiriqui, mitten am Pazifik und dem l\u00e4ngsten Sandstrand Mittelamerikas, im idyllischen \u00d6rtchen \u201eLas Lajas\u201c \u00fcbernachtet Ihr in einer familien- und haustierfreundlichen Atmosph\u00e4re bei Andrea und Detlef. Die Finca ist unter deutscher Leitung und bietet Euch einen absolut sauberen und komfortablen Standard. Bei uns k\u00f6nnt Ihr die Seele baumeln lassen und Euch ganz auf das Land und seine Urspr\u00fcnglichkeit einlassen.<\/p>\n<h3><img fetchpriority=\"high\" decoding=\"async\" class=\"alignright size-medium wp-image-1000\" src=\"https:\/\/fincadelasuerte.com\/wp-content\/uploads\/apartment-pool-garden-view-300x169.jpg\" alt=\"Apartment Pool und Gartenblick\" width=\"300\" height=\"169\" srcset=\"https:\/\/fincadelasuerte.com\/wp-content\/uploads\/apartment-pool-garden-view-300x169.jpg 300w, https:\/\/fincadelasuerte.com\/wp-content\/uploads\/apartment-pool-garden-view-768x432.jpg 768w, https:\/\/fincadelasuerte.com\/wp-content\/uploads\/apartment-pool-garden-view-405x228.jpg 405w, https:\/\/fincadelasuerte.com\/wp-content\/uploads\/apartment-pool-garden-view.jpg 1000w\" sizes=\"(max-width: 300px) 100vw, 300px\" \/>Hier werden Urlaubs-Tr\u00e4ume wahr!<\/h3>\n<p>Im Jahr 2018 begann f\u00fcr uns die Auswanderung ins Paradies und schnell wussten wir, dass wir auch anderen Reisenden und Urlaubern diesen besonderen Platz an der Sonne nahe bringen wollen. In nur einem Jahr errichteten wir unsere \u201eFinca de la Suerte\u201c, wo echte Urlaubstr\u00e4ume wahr werden. Ein wundersch\u00f6ner Garten mit schicken eingerichteten G\u00e4steh\u00e4usern\/Appartements und einem riesigen Pool lassen keine Euerer W\u00fcnsche offen.<\/p>\n<p>Auf Eurem Weg zu den Haupttourismuszielen Panamas, wie Boca Chica, Boquete und Bocas del Toro, lohnt sich ein Stop am wohl sch\u00f6nsten und l\u00e4ngsten Strand des Landes und sogar ganz Mittelamerikas.<\/p>\n<p>Die 14 km lange K\u00fcste l\u00e4dt zu einsamen Spazierg\u00e4ngen ein, denn dieser Geheimtipp Panamas ist zuweilen noch menschenleer. Die niedrigen Wellen, der bequeme sandige Meeresboden, die warme Str\u00f6mung der K\u00fcstengew\u00e4sser und der sanfte Abstieg ins Wasser machen Las Lajas zu einem tollen Ferienort. Entlang des Strandes gibt es einige Hotels, Bungalows und kleine private Restaurants mit gutem Essen.<\/p>\n<p>Das Klima ist nahezu ganzj\u00e4hrig perfekt, um in der Sonne zu liegen oder die artenreiche Natur und Vogelwelt zu bewundern, w\u00e4hrend ein k\u00fchles Bad im Pazifik die beste Erholung bietet.<\/p>\n<p>Wir freuen uns schon jetzt auf Euren Besuch!<\/p>\n<h2><img decoding=\"async\" class=\"alignright size-medium wp-image-1021\" src=\"https:\/\/fincadelasuerte.com\/wp-content\/uploads\/apartment-living-room-300x169.jpg\" alt=\"Apartment Wohnraum\" width=\"300\" height=\"169\" srcset=\"https:\/\/fincadelasuerte.com\/wp-content\/uploads\/apartment-living-room-300x169.jpg 300w, https:\/\/fincadelasuerte.com\/wp-content\/uploads\/apartment-living-room-768x432.jpg 768w, https:\/\/fincadelasuerte.com\/wp-content\/uploads\/apartment-living-room-405x228.jpg 405w, https:\/\/fincadelasuerte.com\/wp-content\/uploads\/apartment-living-room.jpg 1000w\" sizes=\"(max-width: 300px) 100vw, 300px\" \/>Unsere Doppelzimmer und Apartments<\/h2>\n<p>In unserer gepflegten gr\u00fcnen Oase, in deren Zentrum sich ein gro\u00dfer Pool zur ganzheitlichen Nutzung befindet, gibt es 4 modern eingerichtete und gro\u00dfz\u00fcgige Zimmer mit jeweils einer eigenen Terrasse und einer komfortabel ausgestatteten K\u00fcche inklusive Kaffeemaschine und Herd.<\/p>\n<p>Unter dem Motto Terra (Zwei Apartments mit separatem Schlafzimmer f\u00fcr 4 Personen) y Mar (Zwei platzspendende Doppelzimmer f\u00fcr jeweils 2 Personen) finden Paare, Familien mit Kindern und auch kleine Vierbeiner einen bequemen Platz zum Schlafen und Verweilen. Die wundersch\u00f6nen Wandmalereien im Innen- und Au\u00dfenbereich spiegeln ganz das Ambiente und die atemberaubende Natur Panamas wieder.<\/p>\n<p>Genie\u00dft einen erholsamen Tag am Pool und in der Sonne, w\u00e4hrend Euch Kolibris, Tukane, Papageien und Leguane regelm\u00e4\u00dfig besuchen. An einem lauen Sommerabend verzaubert auch der traumhafte Sonnenuntergang, der Euch hier das ganze Jahr in die entspannte Nacht begleitet.<\/p>\n<h3>In unseren Apartments zum fairen Preis<\/h3>\n<p>Jedes Zimmer ist mit einer K\u00fcche eingerichtet, in der Ihr alles zum Kochen und servieren findet, was Ihr braucht. F\u00fcr ein ausgiebiges Fr\u00fchst\u00fcck auf Eurer eigenen Terrasse direkt vor dem Apartment und im Garten findet Ihr nur wenige Meter von der Finca entfernt im Ort mehrere Superm\u00e4rkte. Auch Zutaten f\u00fcr ein leckeres Mittag- und Abendessen gibt es hier zu kaufen. Frische Fr\u00fcchte und nat\u00fcrliche Produkte gibt es an Obst- und Gem\u00fcset\u00e4nden und nat\u00fcrlich geben wir Euch auch gerne den ein oder anderen Tipp, wo ihr die Spezialit\u00e4ten des Landes genie\u00dfen k\u00f6nnt. Frischer Fisch steht hier nat\u00fcrlich ganz oben auf dem Speisenplan und so gibt es nicht weit entfernt das kleine Fischerd\u00f6rfchen Remedios, wo ihr das Beste aus dem Meer fangfrisch und absolut g\u00fcnstig kaufen k\u00f6nnt. Und wer nicht selber kochen will, der l\u00e4sst es sich einfach in den Restaurants im Ort gut gehen.<\/p>\n<h3>WLAN<\/h3>\n<p>Alle Zimmer und Apartments verf\u00fcgen \u00fcber ein stabiles und inkludiertes WLAN, dass auch auf dem Gel\u00e4nde der Anlage zur Verf\u00fcgung steht.<\/p>\n<h3>Wir lieben Eure vierbeinigen Familienmitglieder (Bitte mit Voranmeldung!)<\/h3>\n<p>Auch Eure felligen Mitbewohner kommen hier ganz auf ihre Kosten. Die weitl\u00e4ufige Anlage und der lange Strand sind perfekt zum Gassigehen geeignet und es gibt immer wieder Neues zu entdecken. Bei uns sind Hunde immer willkommen und k\u00f6nnen sich hier frei bewegen. Tiernahrung k\u00f6nnt Ihr \u00fcberall kaufen und im Zimmer ist genug Platz f\u00fcr den Schlafplatz Eures treuen Gef\u00e4hrten auf vier Pfoten. Bitte gebt uns aber vorher immer bescheid, wenn Ihr mit Hunden anreist, da wir nat\u00fcrlich auch andere G\u00e4ste der Anlage ber\u00fccksichtigen wollen. Danke!<\/p>\n<h3><img decoding=\"async\" class=\"alignright size-medium wp-image-958\" src=\"https:\/\/fincadelasuerte.com\/wp-content\/uploads\/hotel-booking-300x138.jpg\" alt=\"\" width=\"300\" height=\"138\" srcset=\"https:\/\/fincadelasuerte.com\/wp-content\/uploads\/hotel-booking-300x138.jpg 300w, https:\/\/fincadelasuerte.com\/wp-content\/uploads\/hotel-booking-1024x470.jpg 1024w, https:\/\/fincadelasuerte.com\/wp-content\/uploads\/hotel-booking-768x352.jpg 768w, https:\/\/fincadelasuerte.com\/wp-content\/uploads\/hotel-booking-405x186.jpg 405w, https:\/\/fincadelasuerte.com\/wp-content\/uploads\/hotel-booking.jpg 1500w\" sizes=\"(max-width: 300px) 100vw, 300px\" \/>Unsere Oase mit Pool<\/h3>\n<p>Mit einer L\u00e4nge von ca. 12 Metern ist unser Pool ideal f\u00fcr Schwimmern geeignet. Die Tiefe betr\u00e4gt 2 Meter, weswegen wir unsere G\u00e4ste immer darauf hinweisen, auf Nichtschwimmer und kleine Kinder zu achten. Auf unseren bequemen Sonnenliegen k\u00f6nnt ihr Euch nach einem erlebniseichen Tag wunderbar entspannen.<\/p>\n<h3>Anreise und Parken<\/h3>\n<p>Von der Interamericana aus seid Ihr nach einem kurzen Abbiegen am Schild \u201eLas Lajas\u201c und einer 10-min\u00fctigen Fahrt ganz schnell bei uns. Ihr k\u00f6nnt uns mit jedem Fahrzeug bequem erreichen, weil alle Stra\u00dfen und Wege zu uns perfekt ausgebaut sind und auch keine H\u00f6henmeter zu \u00fcberwinden sind. Auf unserem gro\u00dfen Parkplatz k\u00f6nnt Ihr vom Motorrad, \u00fcber den Van und SUV bis zum Wohnmobil jedes Fahrzeug supereinfach parken. Die Nutzung des Platzes ist selbstverst\u00e4ndlich w\u00e4hrend Eures gesamten Aufenthaltes im \u00dcbernachtungspreis inbegriffen.<\/p>\n<h3>Check-in und Check-out<\/h3>\n<p>Am Tag der Anreise k\u00f6nnt Ihr ab fr\u00fchestens 12 Uhr mittags einchecken. Der Check-out am Abreisetag ist sp\u00e4testens bis 10 Uhr m\u00f6glich.<\/p>\n<h3>Bezahlung<\/h3>\n<p>Bitte beachtet, dass in unserer \u201eFinca de la Suerte\u201c nur Barzahlungen m\u00f6glich sind. Auf dem Weg und an der Kreuzung zu \u201eLas Lajas\u201c beginnt direkt an der Interamericana der kleine Ort San Felix. Dort gibt es am Eingang des riesigen Supermarktes drei Geldautomaten, die alle g\u00e4ngigen Kreditkarten akzeptieren.<\/p>\n","protected":false},"excerpt":{"rendered":"<p>Willkommen auf der Sonnenseite des Lebens! Willkommen in \u201eLas Lajas\u201c in unserer Finca de la Suerte! Wer nach Panama reist, erwartet leckeres Essen, Entspannung, Erlebnisse, tolle Kontakte zu liebevollen Menschen und das pure Leben- la Pura Vida! Genau das erwartet Euch bei Eurem Zwischenstopp oder l\u00e4ngeren Aufenthalt in unserer Finca de la Suerte. In einer [&hellip;]<\/p>\n","protected":false},"author":1,"featured_media":0,"parent":0,"menu_order":0,"comment_status":"closed","ping_status":"closed","template":"template-boxed.php","meta":{"footnotes":""},"class_list":["post-1289","page","type-page","status-publish","hentry"],"yoast_head":"<!-- This site is optimized with the Yoast SEO plugin v27.3 - https:\/\/yoast.com\/product\/yoast-seo-wordpress\/ -->\n<title>Hotel &#187; Finca de la Suerte<\/title>\n<meta name=\"robots\" content=\"index, follow, max-snippet:-1, max-image-preview:large, max-video-preview:-1\" \/>\n<link rel=\"canonical\" href=\"https:\/\/fincadelasuerte.com\/de\/hotel\" \/>\n<meta property=\"og:locale\" content=\"de_DE\" \/>\n<meta property=\"og:type\" content=\"article\" \/>\n<meta property=\"og:title\" content=\"Hotel &#187; Finca de la Suerte\" \/>\n<meta property=\"og:description\" content=\"Willkommen auf der Sonnenseite des Lebens! Willkommen in \u201eLas Lajas\u201c in unserer Finca de la Suerte! Wer nach Panama reist, erwartet leckeres Essen, Entspannung, Erlebnisse, tolle Kontakte zu liebevollen Menschen und das pure Leben- la Pura Vida! Genau das erwartet Euch bei Eurem Zwischenstopp oder l\u00e4ngeren Aufenthalt in unserer Finca de la Suerte. In einer [&hellip;]\" \/>\n<meta property=\"og:url\" content=\"https:\/\/fincadelasuerte.com\/de\/hotel\" \/>\n<meta property=\"og:site_name\" content=\"Finca de la Suerte\" \/>\n<meta property=\"article:modified_time\" content=\"2021-12-07T14:55:41+00:00\" \/>\n<meta property=\"og:image\" content=\"https:\/\/fincadelasuerte.com\/wp-content\/uploads\/apartment-pool-garden-view-300x169.jpg\" \/>\n<meta name=\"twitter:card\" content=\"summary_large_image\" \/>\n<meta name=\"twitter:label1\" content=\"Gesch\u00e4tzte Lesezeit\" \/>\n\t<meta name=\"twitter:data1\" content=\"5\u00a0Minuten\" \/>\n<script type=\"application\/ld+json\" class=\"yoast-schema-graph\">{\"@context\":\"https:\\\/\\\/schema.org\",\"@graph\":[{\"@type\":\"WebPage\",\"@id\":\"https:\\\/\\\/fincadelasuerte.com\\\/de\\\/hotel\",\"url\":\"https:\\\/\\\/fincadelasuerte.com\\\/de\\\/hotel\",\"name\":\"Hotel &#187; Finca de la Suerte\",\"isPartOf\":{\"@id\":\"https:\\\/\\\/fincadelasuerte.com\\\/de#website\"},\"primaryImageOfPage\":{\"@id\":\"https:\\\/\\\/fincadelasuerte.com\\\/de\\\/hotel#primaryimage\"},\"image\":{\"@id\":\"https:\\\/\\\/fincadelasuerte.com\\\/de\\\/hotel#primaryimage\"},\"thumbnailUrl\":\"https:\\\/\\\/fincadelasuerte.com\\\/wp-content\\\/uploads\\\/apartment-pool-garden-view-300x169.jpg\",\"datePublished\":\"2021-12-07T14:55:18+00:00\",\"dateModified\":\"2021-12-07T14:55:41+00:00\",\"breadcrumb\":{\"@id\":\"https:\\\/\\\/fincadelasuerte.com\\\/de\\\/hotel#breadcrumb\"},\"inLanguage\":\"de\",\"potentialAction\":[{\"@type\":\"ReadAction\",\"target\":[\"https:\\\/\\\/fincadelasuerte.com\\\/de\\\/hotel\"]}]},{\"@type\":\"ImageObject\",\"inLanguage\":\"de\",\"@id\":\"https:\\\/\\\/fincadelasuerte.com\\\/de\\\/hotel#primaryimage\",\"url\":\"https:\\\/\\\/fincadelasuerte.com\\\/wp-content\\\/uploads\\\/apartment-pool-garden-view-300x169.jpg\",\"contentUrl\":\"https:\\\/\\\/fincadelasuerte.com\\\/wp-content\\\/uploads\\\/apartment-pool-garden-view-300x169.jpg\"},{\"@type\":\"BreadcrumbList\",\"@id\":\"https:\\\/\\\/fincadelasuerte.com\\\/de\\\/hotel#breadcrumb\",\"itemListElement\":[{\"@type\":\"ListItem\",\"position\":1,\"name\":\"Startseite\",\"item\":\"https:\\\/\\\/fincadelasuerte.com\\\/de\"},{\"@type\":\"ListItem\",\"position\":2,\"name\":\"Hotel\"}]},{\"@type\":\"WebSite\",\"@id\":\"https:\\\/\\\/fincadelasuerte.com\\\/de#website\",\"url\":\"https:\\\/\\\/fincadelasuerte.com\\\/de\",\"name\":\"Finca de la Suerte\",\"description\":\"Finca Hotel in Las Lajas, Chiriqui, Panama\",\"publisher\":{\"@id\":\"https:\\\/\\\/fincadelasuerte.com\\\/de#organization\"},\"potentialAction\":[{\"@type\":\"SearchAction\",\"target\":{\"@type\":\"EntryPoint\",\"urlTemplate\":\"https:\\\/\\\/fincadelasuerte.com\\\/de?s={search_term_string}\"},\"query-input\":{\"@type\":\"PropertyValueSpecification\",\"valueRequired\":true,\"valueName\":\"search_term_string\"}}],\"inLanguage\":\"de\"},{\"@type\":\"Organization\",\"@id\":\"https:\\\/\\\/fincadelasuerte.com\\\/de#organization\",\"name\":\"Hotel Finca de la Suerte\",\"url\":\"https:\\\/\\\/fincadelasuerte.com\\\/de\",\"logo\":{\"@type\":\"ImageObject\",\"inLanguage\":\"de\",\"@id\":\"https:\\\/\\\/fincadelasuerte.com\\\/de#\\\/schema\\\/logo\\\/image\\\/\",\"url\":\"https:\\\/\\\/fincadelasuerte.com\\\/wp-content\\\/uploads\\\/cropped-favicon.png\",\"contentUrl\":\"https:\\\/\\\/fincadelasuerte.com\\\/wp-content\\\/uploads\\\/cropped-favicon.png\",\"width\":512,\"height\":512,\"caption\":\"Hotel Finca de la Suerte\"},\"image\":{\"@id\":\"https:\\\/\\\/fincadelasuerte.com\\\/de#\\\/schema\\\/logo\\\/image\\\/\"}}]}<\/script>\n<!-- \/ Yoast SEO plugin. -->","yoast_head_json":{"title":"Hotel &#187; Finca de la Suerte","robots":{"index":"index","follow":"follow","max-snippet":"max-snippet:-1","max-image-preview":"max-image-preview:large","max-video-preview":"max-video-preview:-1"},"canonical":"https:\/\/fincadelasuerte.com\/de\/hotel","og_locale":"de_DE","og_type":"article","og_title":"Hotel &#187; Finca de la Suerte","og_description":"Willkommen auf der Sonnenseite des Lebens! Willkommen in \u201eLas Lajas\u201c in unserer Finca de la Suerte! Wer nach Panama reist, erwartet leckeres Essen, Entspannung, Erlebnisse, tolle Kontakte zu liebevollen Menschen und das pure Leben- la Pura Vida! Genau das erwartet Euch bei Eurem Zwischenstopp oder l\u00e4ngeren Aufenthalt in unserer Finca de la Suerte. In einer [&hellip;]","og_url":"https:\/\/fincadelasuerte.com\/de\/hotel","og_site_name":"Finca de la Suerte","article_modified_time":"2021-12-07T14:55:41+00:00","og_image":[{"url":"https:\/\/fincadelasuerte.com\/wp-content\/uploads\/apartment-pool-garden-view-300x169.jpg","type":"","width":"","height":""}],"twitter_card":"summary_large_image","twitter_misc":{"Gesch\u00e4tzte Lesezeit":"5\u00a0Minuten"},"schema":{"@context":"https:\/\/schema.org","@graph":[{"@type":"WebPage","@id":"https:\/\/fincadelasuerte.com\/de\/hotel","url":"https:\/\/fincadelasuerte.com\/de\/hotel","name":"Hotel &#187; Finca de la Suerte","isPartOf":{"@id":"https:\/\/fincadelasuerte.com\/de#website"},"primaryImageOfPage":{"@id":"https:\/\/fincadelasuerte.com\/de\/hotel#primaryimage"},"image":{"@id":"https:\/\/fincadelasuerte.com\/de\/hotel#primaryimage"},"thumbnailUrl":"https:\/\/fincadelasuerte.com\/wp-content\/uploads\/apartment-pool-garden-view-300x169.jpg","datePublished":"2021-12-07T14:55:18+00:00","dateModified":"2021-12-07T14:55:41+00:00","breadcrumb":{"@id":"https:\/\/fincadelasuerte.com\/de\/hotel#breadcrumb"},"inLanguage":"de","potentialAction":[{"@type":"ReadAction","target":["https:\/\/fincadelasuerte.com\/de\/hotel"]}]},{"@type":"ImageObject","inLanguage":"de","@id":"https:\/\/fincadelasuerte.com\/de\/hotel#primaryimage","url":"https:\/\/fincadelasuerte.com\/wp-content\/uploads\/apartment-pool-garden-view-300x169.jpg","contentUrl":"https:\/\/fincadelasuerte.com\/wp-content\/uploads\/apartment-pool-garden-view-300x169.jpg"},{"@type":"BreadcrumbList","@id":"https:\/\/fincadelasuerte.com\/de\/hotel#breadcrumb","itemListElement":[{"@type":"ListItem","position":1,"name":"Startseite","item":"https:\/\/fincadelasuerte.com\/de"},{"@type":"ListItem","position":2,"name":"Hotel"}]},{"@type":"WebSite","@id":"https:\/\/fincadelasuerte.com\/de#website","url":"https:\/\/fincadelasuerte.com\/de","name":"Finca de la Suerte","description":"Finca Hotel in Las Lajas, Chiriqui, Panama","publisher":{"@id":"https:\/\/fincadelasuerte.com\/de#organization"},"potentialAction":[{"@type":"SearchAction","target":{"@type":"EntryPoint","urlTemplate":"https:\/\/fincadelasuerte.com\/de?s={search_term_string}"},"query-input":{"@type":"PropertyValueSpecification","valueRequired":true,"valueName":"search_term_string"}}],"inLanguage":"de"},{"@type":"Organization","@id":"https:\/\/fincadelasuerte.com\/de#organization","name":"Hotel Finca de la Suerte","url":"https:\/\/fincadelasuerte.com\/de","logo":{"@type":"ImageObject","inLanguage":"de","@id":"https:\/\/fincadelasuerte.com\/de#\/schema\/logo\/image\/","url":"https:\/\/fincadelasuerte.com\/wp-content\/uploads\/cropped-favicon.png","contentUrl":"https:\/\/fincadelasuerte.com\/wp-content\/uploads\/cropped-favicon.png","width":512,"height":512,"caption":"Hotel Finca de la Suerte"},"image":{"@id":"https:\/\/fincadelasuerte.com\/de#\/schema\/logo\/image\/"}}]}},"_links":{"self":[{"href":"https:\/\/fincadelasuerte.com\/de\/wp-json\/wp\/v2\/pages\/1289","targetHints":{"allow":["GET"]}}],"collection":[{"href":"https:\/\/fincadelasuerte.com\/de\/wp-json\/wp\/v2\/pages"}],"about":[{"href":"https:\/\/fincadelasuerte.com\/de\/wp-json\/wp\/v2\/types\/page"}],"author":[{"embeddable":true,"href":"https:\/\/fincadelasuerte.com\/de\/wp-json\/wp\/v2\/users\/1"}],"replies":[{"embeddable":true,"href":"https:\/\/fincadelasuerte.com\/de\/wp-json\/wp\/v2\/comments?post=1289"}],"version-history":[{"count":1,"href":"https:\/\/fincadelasuerte.com\/de\/wp-json\/wp\/v2\/pages\/1289\/revisions"}],"predecessor-version":[{"id":1290,"href":"https:\/\/fincadelasuerte.com\/de\/wp-json\/wp\/v2\/pages\/1289\/revisions\/1290"}],"wp:attachment":[{"href":"https:\/\/fincadelasuerte.com\/de\/wp-json\/wp\/v2\/media?parent=1289"}],"curies":[{"name":"wp","href":"https:\/\/api.w.org\/{rel}","templated":true}]}}