{"id":1196,"date":"2021-12-05T14:56:27","date_gmt":"2021-12-05T19:56:27","guid":{"rendered":"https:\/\/fincadelasuerte.com\/impressum-und-konditionen"},"modified":"2021-12-09T08:19:39","modified_gmt":"2021-12-09T13:19:39","slug":"impressum-und-konditionen","status":"publish","type":"page","link":"https:\/\/fincadelasuerte.com\/de\/impressum-und-konditionen","title":{"rendered":"Impressum und Konditionen"},"content":{"rendered":"<h2>Impressum<\/h2>\n<p>Kontakt: Andrea und Detlef St\u00f6tzer<br \/>\nVerantwortlich: Andrea und Detlef St\u00f6tzer<br \/>\nGerichtsstand: Las Lajas, San Felix, Panama<\/p>\n<h3>Haftungsausschluss<\/h3>\n<p>Wir bieten nach bestem Wissen und Gewissen nur korrekte und aktuelle Informationen auf unserer Website an. Wir \u00fcbernehmen jedoch keine Verantwortung oder Garantie hinsichtlich der Aktualit\u00e4t und Richtigkeit und haften nur f\u00fcr grobe Fahrl\u00e4ssigkeit und Vorsatz.<br \/>\nF\u00fcr Verweise (Links) auf unseren Internetseiten betonen wir ausdr\u00fccklich, dass wir keinerlei Einfluss auf den Linktext, die Gestaltung, eventuelle Verletzungen geltender Rechte, einschlie\u00dflich Marken- und Titelrechte und den Inhalt der verlinkten Seiten haben. Au\u00dferdem distanzieren wir uns ausdr\u00fccklich von den Linkformulierungen sowie von allen Inhalten aller Seiten, auf die wir Links gesetzt haben.<br \/>\nF\u00fcr den Inhalt der verlinkten Seiten sind ausschlie\u00dflich deren Betreiber verantwortlich.<\/p>\n<h3>Datenschutzbestimmungen<\/h3>\n<p>fincadelasuerte.com ist das Internetangebot von Andrea &amp; Detlef St\u00f6tzer Finca de la Suerte &#8211; Las Lajas. Wir nehmen den Datenschutz ernst. Die Erhebung der Daten erfolgt im Rahmen der gesetzlichen Bestimmungen. Soweit personenbezogene Daten \u00fcber die g\u00e4ngigen Melde-, Bestell- oder Registrierungsformulare \u00fcbermittelt werden, verwenden wir diese nur zu dem jeweils angegebenen Zweck und geben die Daten insbesondere nicht an Dritte weiter.<\/p>\n<p>Einzelheiten finden Sie unter: www.datenschutz.de<\/p>\n<h3>Copyright<\/h3>\n<p>Dieser Internetauftritt wurde sorgf\u00e4ltig erstellt. Alle Texte, Bilder, Grafiken und sonstige Inhalte sind Eigentum (im Sinne des Urheberrechts) des oben genannten Seitenbetreibers, sofern nicht ausdr\u00fccklich mit einem entsprechenden Urheberrechtshinweis (z.B.: Quelle) auf ein Urheberrecht Dritter hingewiesen wird.<br \/>\nSollte dennoch ein Urheberrecht verletzt werden oder verletzt worden sein, so ist dies unbeabsichtigt und berechtigt in keinem Fall zu einer Abmahnung oder zur Berechnung etwaiger Nutzungs- oder Lizenzgeb\u00fchren.<br \/>\nIm Falle einer dennoch festgestellten, m\u00f6glichen Urheberrechtsverletzung ist der o.g. Seitenbetreiber unverz\u00fcglich (d.h. innerhalb von sieben Tagen nach Bekanntwerden) und schriftlich &#8211; ausschlie\u00dflich per Briefpost &#8211; \u00fcber die m\u00f6glicherweise erfolgte Urheberrechtsverletzung mit den entsprechenden Nachweisen zu informieren. Diese Meldung muss die folgenden Daten enthalten: Host und IP-Adresse, von der aus die Seite aufgerufen wurde, sowie Datum, Uhrzeit, Betriebssystem und der verwendete Internet-Browser. Ohne diese Angaben ist eine Bearbeitung nicht m\u00f6glich und wird zu unserer Entlastung (Seitenbetreiber oder Lizenzgeber der Software) abgelehnt.<br \/>\nNach Erhalt dieser Mitteilung wird der Betreiber der Website das tats\u00e4chliche Urheberrecht pr\u00fcfen und es gegebenenfalls unverz\u00fcglich (innerhalb von sieben Tagen) von dieser Website und dem Server entfernen oder l\u00f6schen.<br \/>\nDiese \u00c4nderung oder Streichung erfolgt ohne Anerkennung einer Rechtspflicht. Weitergehende Anspr\u00fcche gegen den oben genannten Seitenbetreiber oder den Lizenzgeber der Software sind grunds\u00e4tzlich ausgeschlossen.<\/p>\n<h3>Rechtliches<\/h3>\n<p>F\u00fcr eventuelle Streitigkeiten, die sich aus diesem Internetauftritt ergeben k\u00f6nnten, ist der Gerichtsstand grunds\u00e4tzlich der Sitz des Seitenbetreibers (hier: Las Lajas, San Felix, Panama). Es gelten ausschlie\u00dflich die gesetzlichen Bestimmungen von Panama.<br \/>\nMit dem Aufruf, der Nutzung dieser Internetpr\u00e4senz erkennt der Besucher die o.g. Hinweise verbindlich an.<br \/>\nF\u00fcr Leistungen, Lieferungen, Produkte, etc. gelten ebenfalls ausschlie\u00dflich unsere Allgemeinen Gesch\u00e4ftsbedingungen (ABG).<\/p>\n","protected":false},"excerpt":{"rendered":"<p>Impressum Kontakt: Andrea und Detlef St\u00f6tzer Verantwortlich: Andrea und Detlef St\u00f6tzer Gerichtsstand: Las Lajas, San Felix, Panama Haftungsausschluss Wir bieten nach bestem Wissen und Gewissen nur korrekte und aktuelle Informationen auf unserer Website an. Wir \u00fcbernehmen jedoch keine Verantwortung oder Garantie hinsichtlich der Aktualit\u00e4t und Richtigkeit und haften nur f\u00fcr grobe Fahrl\u00e4ssigkeit und Vorsatz. F\u00fcr [&hellip;]<\/p>\n","protected":false},"author":1,"featured_media":0,"parent":0,"menu_order":0,"comment_status":"closed","ping_status":"closed","template":"elementor_header_footer","meta":{"footnotes":""},"class_list":["post-1196","page","type-page","status-publish","hentry"],"yoast_head":"<!-- This site is optimized with the Yoast SEO plugin v27.3 - https:\/\/yoast.com\/product\/yoast-seo-wordpress\/ -->\n<title>Impressum und Konditionen &#187; Finca de la Suerte<\/title>\n<meta name=\"robots\" content=\"index, follow, max-snippet:-1, max-image-preview:large, max-video-preview:-1\" \/>\n<link rel=\"canonical\" href=\"https:\/\/fincadelasuerte.com\/de\/impressum-und-konditionen\" \/>\n<meta property=\"og:locale\" content=\"de_DE\" \/>\n<meta property=\"og:type\" content=\"article\" \/>\n<meta property=\"og:title\" content=\"Impressum und Konditionen &#187; Finca de la Suerte\" \/>\n<meta property=\"og:description\" content=\"Impressum Kontakt: Andrea und Detlef St\u00f6tzer Verantwortlich: Andrea und Detlef St\u00f6tzer Gerichtsstand: Las Lajas, San Felix, Panama Haftungsausschluss Wir bieten nach bestem Wissen und Gewissen nur korrekte und aktuelle Informationen auf unserer Website an. Wir \u00fcbernehmen jedoch keine Verantwortung oder Garantie hinsichtlich der Aktualit\u00e4t und Richtigkeit und haften nur f\u00fcr grobe Fahrl\u00e4ssigkeit und Vorsatz. F\u00fcr [&hellip;]\" \/>\n<meta property=\"og:url\" content=\"https:\/\/fincadelasuerte.com\/de\/impressum-und-konditionen\" \/>\n<meta property=\"og:site_name\" content=\"Finca de la Suerte\" \/>\n<meta property=\"article:modified_time\" content=\"2021-12-09T13:19:39+00:00\" \/>\n<meta name=\"twitter:card\" content=\"summary_large_image\" \/>\n<meta name=\"twitter:label1\" content=\"Gesch\u00e4tzte Lesezeit\" \/>\n\t<meta name=\"twitter:data1\" content=\"2\u00a0Minuten\" \/>\n<script type=\"application\/ld+json\" class=\"yoast-schema-graph\">{\"@context\":\"https:\\\/\\\/schema.org\",\"@graph\":[{\"@type\":\"WebPage\",\"@id\":\"https:\\\/\\\/fincadelasuerte.com\\\/de\\\/impressum-und-konditionen\",\"url\":\"https:\\\/\\\/fincadelasuerte.com\\\/de\\\/impressum-und-konditionen\",\"name\":\"Impressum und Konditionen &#187; Finca de la Suerte\",\"isPartOf\":{\"@id\":\"https:\\\/\\\/fincadelasuerte.com\\\/de#website\"},\"datePublished\":\"2021-12-05T19:56:27+00:00\",\"dateModified\":\"2021-12-09T13:19:39+00:00\",\"breadcrumb\":{\"@id\":\"https:\\\/\\\/fincadelasuerte.com\\\/de\\\/impressum-und-konditionen#breadcrumb\"},\"inLanguage\":\"de\",\"potentialAction\":[{\"@type\":\"ReadAction\",\"target\":[\"https:\\\/\\\/fincadelasuerte.com\\\/de\\\/impressum-und-konditionen\"]}]},{\"@type\":\"BreadcrumbList\",\"@id\":\"https:\\\/\\\/fincadelasuerte.com\\\/de\\\/impressum-und-konditionen#breadcrumb\",\"itemListElement\":[{\"@type\":\"ListItem\",\"position\":1,\"name\":\"Startseite\",\"item\":\"https:\\\/\\\/fincadelasuerte.com\\\/de\"},{\"@type\":\"ListItem\",\"position\":2,\"name\":\"Impressum und Konditionen\"}]},{\"@type\":\"WebSite\",\"@id\":\"https:\\\/\\\/fincadelasuerte.com\\\/de#website\",\"url\":\"https:\\\/\\\/fincadelasuerte.com\\\/de\",\"name\":\"Finca de la Suerte\",\"description\":\"Finca Hotel in Las Lajas, Chiriqui, Panama\",\"publisher\":{\"@id\":\"https:\\\/\\\/fincadelasuerte.com\\\/de#organization\"},\"potentialAction\":[{\"@type\":\"SearchAction\",\"target\":{\"@type\":\"EntryPoint\",\"urlTemplate\":\"https:\\\/\\\/fincadelasuerte.com\\\/de?s={search_term_string}\"},\"query-input\":{\"@type\":\"PropertyValueSpecification\",\"valueRequired\":true,\"valueName\":\"search_term_string\"}}],\"inLanguage\":\"de\"},{\"@type\":\"Organization\",\"@id\":\"https:\\\/\\\/fincadelasuerte.com\\\/de#organization\",\"name\":\"Hotel Finca de la Suerte\",\"url\":\"https:\\\/\\\/fincadelasuerte.com\\\/de\",\"logo\":{\"@type\":\"ImageObject\",\"inLanguage\":\"de\",\"@id\":\"https:\\\/\\\/fincadelasuerte.com\\\/de#\\\/schema\\\/logo\\\/image\\\/\",\"url\":\"https:\\\/\\\/fincadelasuerte.com\\\/wp-content\\\/uploads\\\/cropped-favicon.png\",\"contentUrl\":\"https:\\\/\\\/fincadelasuerte.com\\\/wp-content\\\/uploads\\\/cropped-favicon.png\",\"width\":512,\"height\":512,\"caption\":\"Hotel Finca de la Suerte\"},\"image\":{\"@id\":\"https:\\\/\\\/fincadelasuerte.com\\\/de#\\\/schema\\\/logo\\\/image\\\/\"}}]}<\/script>\n<!-- \/ Yoast SEO plugin. -->","yoast_head_json":{"title":"Impressum und Konditionen &#187; Finca de la Suerte","robots":{"index":"index","follow":"follow","max-snippet":"max-snippet:-1","max-image-preview":"max-image-preview:large","max-video-preview":"max-video-preview:-1"},"canonical":"https:\/\/fincadelasuerte.com\/de\/impressum-und-konditionen","og_locale":"de_DE","og_type":"article","og_title":"Impressum und Konditionen &#187; Finca de la Suerte","og_description":"Impressum Kontakt: Andrea und Detlef St\u00f6tzer Verantwortlich: Andrea und Detlef St\u00f6tzer Gerichtsstand: Las Lajas, San Felix, Panama Haftungsausschluss Wir bieten nach bestem Wissen und Gewissen nur korrekte und aktuelle Informationen auf unserer Website an. Wir \u00fcbernehmen jedoch keine Verantwortung oder Garantie hinsichtlich der Aktualit\u00e4t und Richtigkeit und haften nur f\u00fcr grobe Fahrl\u00e4ssigkeit und Vorsatz. F\u00fcr [&hellip;]","og_url":"https:\/\/fincadelasuerte.com\/de\/impressum-und-konditionen","og_site_name":"Finca de la Suerte","article_modified_time":"2021-12-09T13:19:39+00:00","twitter_card":"summary_large_image","twitter_misc":{"Gesch\u00e4tzte Lesezeit":"2\u00a0Minuten"},"schema":{"@context":"https:\/\/schema.org","@graph":[{"@type":"WebPage","@id":"https:\/\/fincadelasuerte.com\/de\/impressum-und-konditionen","url":"https:\/\/fincadelasuerte.com\/de\/impressum-und-konditionen","name":"Impressum und Konditionen &#187; Finca de la Suerte","isPartOf":{"@id":"https:\/\/fincadelasuerte.com\/de#website"},"datePublished":"2021-12-05T19:56:27+00:00","dateModified":"2021-12-09T13:19:39+00:00","breadcrumb":{"@id":"https:\/\/fincadelasuerte.com\/de\/impressum-und-konditionen#breadcrumb"},"inLanguage":"de","potentialAction":[{"@type":"ReadAction","target":["https:\/\/fincadelasuerte.com\/de\/impressum-und-konditionen"]}]},{"@type":"BreadcrumbList","@id":"https:\/\/fincadelasuerte.com\/de\/impressum-und-konditionen#breadcrumb","itemListElement":[{"@type":"ListItem","position":1,"name":"Startseite","item":"https:\/\/fincadelasuerte.com\/de"},{"@type":"ListItem","position":2,"name":"Impressum und Konditionen"}]},{"@type":"WebSite","@id":"https:\/\/fincadelasuerte.com\/de#website","url":"https:\/\/fincadelasuerte.com\/de","name":"Finca de la Suerte","description":"Finca Hotel in Las Lajas, Chiriqui, Panama","publisher":{"@id":"https:\/\/fincadelasuerte.com\/de#organization"},"potentialAction":[{"@type":"SearchAction","target":{"@type":"EntryPoint","urlTemplate":"https:\/\/fincadelasuerte.com\/de?s={search_term_string}"},"query-input":{"@type":"PropertyValueSpecification","valueRequired":true,"valueName":"search_term_string"}}],"inLanguage":"de"},{"@type":"Organization","@id":"https:\/\/fincadelasuerte.com\/de#organization","name":"Hotel Finca de la Suerte","url":"https:\/\/fincadelasuerte.com\/de","logo":{"@type":"ImageObject","inLanguage":"de","@id":"https:\/\/fincadelasuerte.com\/de#\/schema\/logo\/image\/","url":"https:\/\/fincadelasuerte.com\/wp-content\/uploads\/cropped-favicon.png","contentUrl":"https:\/\/fincadelasuerte.com\/wp-content\/uploads\/cropped-favicon.png","width":512,"height":512,"caption":"Hotel Finca de la Suerte"},"image":{"@id":"https:\/\/fincadelasuerte.com\/de#\/schema\/logo\/image\/"}}]}},"_links":{"self":[{"href":"https:\/\/fincadelasuerte.com\/de\/wp-json\/wp\/v2\/pages\/1196","targetHints":{"allow":["GET"]}}],"collection":[{"href":"https:\/\/fincadelasuerte.com\/de\/wp-json\/wp\/v2\/pages"}],"about":[{"href":"https:\/\/fincadelasuerte.com\/de\/wp-json\/wp\/v2\/types\/page"}],"author":[{"embeddable":true,"href":"https:\/\/fincadelasuerte.com\/de\/wp-json\/wp\/v2\/users\/1"}],"replies":[{"embeddable":true,"href":"https:\/\/fincadelasuerte.com\/de\/wp-json\/wp\/v2\/comments?post=1196"}],"version-history":[{"count":2,"href":"https:\/\/fincadelasuerte.com\/de\/wp-json\/wp\/v2\/pages\/1196\/revisions"}],"predecessor-version":[{"id":1497,"href":"https:\/\/fincadelasuerte.com\/de\/wp-json\/wp\/v2\/pages\/1196\/revisions\/1497"}],"wp:attachment":[{"href":"https:\/\/fincadelasuerte.com\/de\/wp-json\/wp\/v2\/media?parent=1196"}],"curies":[{"name":"wp","href":"https:\/\/api.w.org\/{rel}","templated":true}]}}